{"id":6727,"date":"2018-01-02T06:45:59","date_gmt":"2018-01-02T11:45:59","guid":{"rendered":"http:\/\/www.alpharamirez.com\/?page_id=6727"},"modified":"2019-06-27T01:01:37","modified_gmt":"2019-06-27T06:01:37","slug":"leiga-pa-que-se-instruiga","status":"publish","type":"page","link":"https:\/\/www.alpharamirez.com\/es\/leiga-pa-que-se-instruiga\/","title":{"rendered":"Leiga pa que se instruiga"},"content":{"rendered":"<ol class=\"breadcrumb\">\n<i class=\"fa fa-chevron-right\"><\/i><br \/>\n<li><a href=\"https:\/\/www.alpharamirez.com\/es\/\" class=\"\"> Principal <\/a><\/li>\n<li><a href=\"https:\/\/www.alpharamirez.com\/es\/leiga-pa-que-se-instruiga\/\" class=\"\"> Leiga pa que se instruiga <\/a><\/li>\n<\/ol>\n\n[aesop_parallax img=&#8221;https:\/\/www.alpharamirez.com\/wp-content\/uploads\/2018\/01\/leiga1.jpg&#8221; parallaxbg=&#8221;fixed&#8221; captionposition=&#8221;bottom-left&#8221; lightbox=&#8221;off&#8221; floater=&#8221;on&#8221; floaterposition=&#8221;left&#8221; floaterdirection=&#8221;none&#8221; overlay_revealfx=&#8221;off&#8221;]\n<p>En esta secci\u00f3n he escrito algunos sencillos art\u00edculos de <strong><strong>inter\u00e9s general de Aviaci\u00f3n y viajes<\/strong><\/strong>, enfocados m\u00e1s que todo a gente que no sepa mucho del tema.<!--more--><\/p>\n\n\n[aesop_image img=&#8221;https:\/\/www.alpharamirez.com\/wp-content\/uploads\/2018\/01\/leiga2.jpg&#8221; panorama=&#8221;off&#8221; imgwidth=&#8221;100%&#8221; align=&#8221;center&#8221; lightbox=&#8221;off&#8221; captionposition=&#8221;center&#8221; revealfx=&#8221;inplace&#8221; overlay_revealfx=&#8221;off&#8221; text_float=&#8221;off&#8221;]\n\n<p>Lo he hecho solo con la intenci\u00f3n de compartir el poco conocimiento que yo pueda tener sobre todo este apasionante cuento.<\/p>\n<p>Navega con las opciones que hay abajo.<\/p>\n<hr \/>\n<div class=\"panel panel-info\">\n\t\t\t\t<div class=\"panel-heading\">\n\t\t\t\t\t<h4 class=\"panel-title\">\n\t\t\t\t\t\t<a class=\"collapsed\" data-toggle=\"collapse\" data-parent=\"#single-collapse\" href=\"#single-collapse-0\">Ver listado simple<\/a>\n\t\t\t\t\t<\/h4>\n\t\t\t\t<\/div>\n\t\t\t\t<div id=\"single-collapse-0\" class=\"panel-collapse collapse\">\n\t\t\t\t\t<div class=\"panel-body\">\n\n<table id=\"tablepress-38\" class=\"tablepress tablepress-id-38\">\n<thead>\n<tr class=\"row-1\">\n\t<th class=\"column-1\"><i class=\"fa fa-plane\"><\/i> Art\u00edculo<\/th><th class=\"column-2\"><i class=\"fa fa-calendar-alt\"><\/i>  Publicado<\/th>\n<\/tr>\n<\/thead>\n<tbody class=\"row-striping row-hover\">\n<tr class=\"row-2\">\n\t<td class=\"column-1\"><i class=\"fa fa-file-alt\"><\/i><a href=\"https:\/\/www.alpharamirez.com\/es\/certificacion-avion-airbus-a380-primera-vez-colombia\/\"> Certificaci\u00f3n de un Avi\u00f3n -\u00a1Airbus A380 por primera vez en Colombia!-<\/a><\/td><td class=\"column-2\">Enero 2018<\/td>\n<\/tr>\n<tr class=\"row-3\">\n\t<td class=\"column-1\"><i class=\"fa fa-file-alt\"><\/i><a href=\"https:\/\/www.alpharamirez.com\/es\/pintemela-que-yo-se-la-coloreo-a-1\/\"> P\u00edntemela que yo se la coloreo (A-1)<\/a><\/td><td class=\"column-2\">Febrero 2019<\/td>\n<\/tr>\n<tr class=\"row-4\">\n\t<td class=\"column-1\"><i class=\"fa fa-file-alt\"><\/i><a href=\"https:\/\/www.alpharamirez.com\/es\/pintemela-que-yo-se-la-coloreo-a-2\/\"> P\u00edntemela que yo se la coloreo (A-2)<\/a><\/td><td class=\"column-2\">Febrero 2019<\/td>\n<\/tr>\n<tr class=\"row-5\">\n\t<td class=\"column-1\"><i class=\"fa fa-file-alt\"><\/i><a href=\"https:\/\/www.alpharamirez.com\/es\/pintemela-que-yo-se-la-coloreo-a-3\/\"> P\u00edntemela que yo se la coloreo (A-3)<\/a><\/td><td class=\"column-2\">Febrero 2019<\/td>\n<\/tr>\n<tr class=\"row-6\">\n\t<td class=\"column-1\"><i class=\"fa fa-file-alt\"><\/i><a href=\"https:\/\/www.alpharamirez.com\/es\/pintemela-que-yo-se-la-coloreo-a-4\/\"> P\u00edntemela que yo se la coloreo (A-4)<\/a><\/td><td class=\"column-2\">Febrero 2019<\/td>\n<\/tr>\n<tr class=\"row-7\">\n\t<td class=\"column-1\"><i class=\"fa fa-file-alt\"><\/i><a href=\"https:\/\/www.alpharamirez.com\/es\/pintemela-que-yo-se-la-coloreo-b\/\"> P\u00edntemela que yo se la coloreo (B)<\/a><\/td><td class=\"column-2\">Febrero 2019<\/td>\n<\/tr>\n<tr class=\"row-8\">\n\t<td class=\"column-1\"><i class=\"fa fa-file-alt\"><\/i><a href=\"https:\/\/www.alpharamirez.com\/es\/pintemela-que-yo-se-la-coloreo-c\/\"> P\u00edntemela que yo se la coloreo (C)<\/a><\/td><td class=\"column-2\">Febrero 2019<\/td>\n<\/tr>\n<tr class=\"row-9\">\n\t<td class=\"column-1\"><i class=\"fa fa-file-alt\"><\/i><a href=\"https:\/\/www.alpharamirez.com\/es\/pintemela-que-yo-se-la-coloreo-d-g\/\"> P\u00edntemela que yo se la coloreo (D-G)<\/a><\/td><td class=\"column-2\">Febrero 2019<\/td>\n<\/tr>\n<tr class=\"row-10\">\n\t<td class=\"column-1\"><i class=\"fa fa-file-alt\"><\/i><a href=\"https:\/\/www.alpharamirez.com\/es\/pintemela-que-yo-se-la-coloreo-h-j\/\"> P\u00edntemela que yo se la coloreo (H-J)<\/a><\/td><td class=\"column-2\">Febrero 2019<\/td>\n<\/tr>\n<tr class=\"row-11\">\n\t<td class=\"column-1\"><i class=\"fa fa-file-alt\"><\/i><a href=\"https:\/\/www.alpharamirez.com\/es\/pintemela-que-yo-se-la-coloreo-k-p\/\"> P\u00edntemela que yo se la coloreo (K-P)<\/a><\/td><td class=\"column-2\">Febrero 2019<\/td>\n<\/tr>\n<tr class=\"row-12\">\n\t<td class=\"column-1\"><i class=\"fa fa-file-alt\"><\/i><a href=\"https:\/\/www.alpharamirez.com\/es\/pintemela-que-yo-se-la-coloreo-q-r\/\"> P\u00edntemela que yo se la coloreo (Q-R)<\/a><\/td><td class=\"column-2\">Febrero 2019<\/td>\n<\/tr>\n<tr class=\"row-13\">\n\t<td class=\"column-1\"><i class=\"fa fa-file-alt\"><\/i><a href=\"https:\/\/www.alpharamirez.com\/es\/pintemela-que-yo-se-la-coloreo-s\/\"> P\u00edntemela que yo se la coloreo (S)<\/a><\/td><td class=\"column-2\">Febrero 2019<\/td>\n<\/tr>\n<tr class=\"row-14\">\n\t<td class=\"column-1\"><i class=\"fa fa-file-alt\"><\/i><a href=\"https:\/\/www.alpharamirez.com\/es\/pintemela-que-yo-se-la-coloreo-t-x\/\"> P\u00edntemela que yo se la coloreo (T-X)<\/a><\/td><td class=\"column-2\">Febrero 2019<\/td>\n<\/tr>\n<tr class=\"row-15\">\n\t<td class=\"column-1\"><i class=\"fa fa-file-alt\"><\/i><a href=\"https:\/\/www.alpharamirez.com\/es\/carga-aviones-pasajeros\/\"> \u00bfCarga en Aviones de pasajeros? \u00a1Claro que s\u00ed!<\/a><\/td><td class=\"column-2\">Marzo 2020<\/td>\n<\/tr>\n<\/tbody>\n<\/table>\n<!-- #tablepress-38 from cache -->\n<\/div>\n\t\t\t\t<\/div>\n\t\t\t<\/div>\n\n\n\n[aesop_collection  title=&#8221;Listado gr\u00e1fico de art\u00edculos en el orden en que fueron publicados.  Si prefieres una tabla simple de texto en orden de publicaci\u00f3n, haz click arriba en &#34;ver listado simple&#34;.&#8221; collection=&#8221;26&#8243; limit=&#8221;20&#8243; columns=&#8221;2&#8243; splash=&#8221;off&#8221; order=&#8221;default&#8221; loadmore=&#8221;off&#8221; showexcerpt=&#8221;off&#8221; revealfx=&#8221;inplace&#8221;]\n\n","protected":false},"excerpt":{"rendered":"<p>[aesop_parallax img=&#8221;https:\/\/www.alpharamirez.com\/wp-content\/uploads\/2018\/01\/leiga1.jpg&#8221; parallaxbg=&#8221;fixed&#8221; captionposition=&#8221;bottom-left&#8221; lightbox=&#8221;off&#8221; floater=&#8221;on&#8221; floaterposition=&#8221;left&#8221; floaterdirection=&#8221;none&#8221; overlay_revealfx=&#8221;off&#8221;] En esta secci\u00f3n he escrito algunos sencillos art\u00edculos de inter\u00e9s general de Aviaci\u00f3n y viajes, enfocados m\u00e1s que todo a gente que no sepa mucho del tema.<\/p>\n","protected":false},"author":1,"featured_media":0,"parent":0,"menu_order":0,"comment_status":"closed","ping_status":"closed","template":"","meta":{"footnotes":""},"class_list":["post-6727","page","type-page","status-publish","hentry"],"yoast_head":"<!-- This site is optimized with the Yoast SEO plugin v27.5 - https:\/\/yoast.com\/product\/yoast-seo-wordpress\/ -->\n<title>Leiga pa que se instruiga - Ram\u00edrez<\/title>\n<meta name=\"description\" content=\"Art\u00edculos generales de Aviaci\u00f3n y viajes, enfocados m\u00e1s o menos en gente que no sepa mucho del asunto. Hechos solo por compartir lo que pueda saber de esto.\" \/>\n<meta name=\"robots\" content=\"index, follow, max-snippet:-1, max-image-preview:large, max-video-preview:-1\" \/>\n<link rel=\"canonical\" href=\"https:\/\/www.alpharamirez.com\/es\/leiga-pa-que-se-instruiga\/\" \/>\n<meta property=\"og:locale\" content=\"es_ES\" \/>\n<meta property=\"og:type\" content=\"article\" \/>\n<meta property=\"og:title\" content=\"Leiga pa que se instruiga - Ram\u00edrez\" \/>\n<meta property=\"og:description\" content=\"Art\u00edculos generales de Aviaci\u00f3n y viajes, enfocados m\u00e1s o menos en gente que no sepa mucho del asunto. Hechos solo por compartir lo que pueda saber de esto.\" \/>\n<meta property=\"og:url\" content=\"https:\/\/www.alpharamirez.com\/es\/leiga-pa-que-se-instruiga\/\" \/>\n<meta property=\"og:site_name\" content=\"Ram\u00edrez\" \/>\n<meta property=\"article:modified_time\" content=\"2019-06-27T06:01:37+00:00\" \/>\n<meta name=\"twitter:card\" content=\"summary_large_image\" \/>\n<meta name=\"twitter:label1\" content=\"Tiempo de lectura\" \/>\n\t<meta name=\"twitter:data1\" content=\"1 minuto\" \/>\n<script type=\"application\/ld+json\" class=\"yoast-schema-graph\">{\"@context\":\"https:\\\/\\\/schema.org\",\"@graph\":[{\"@type\":\"WebPage\",\"@id\":\"https:\\\/\\\/www.alpharamirez.com\\\/es\\\/leiga-pa-que-se-instruiga\\\/\",\"url\":\"https:\\\/\\\/www.alpharamirez.com\\\/es\\\/leiga-pa-que-se-instruiga\\\/\",\"name\":\"Leiga pa que se instruiga - Ram\u00edrez\",\"isPartOf\":{\"@id\":\"https:\\\/\\\/www.alpharamirez.com\\\/es\\\/#website\"},\"datePublished\":\"2018-01-02T11:45:59+00:00\",\"dateModified\":\"2019-06-27T06:01:37+00:00\",\"description\":\"Art\u00edculos generales de Aviaci\u00f3n y viajes, enfocados m\u00e1s o menos en gente que no sepa mucho del asunto. Hechos solo por compartir lo que pueda saber de esto.\",\"breadcrumb\":{\"@id\":\"https:\\\/\\\/www.alpharamirez.com\\\/es\\\/leiga-pa-que-se-instruiga\\\/#breadcrumb\"},\"inLanguage\":\"es-CO\",\"potentialAction\":[{\"@type\":\"ReadAction\",\"target\":[\"https:\\\/\\\/www.alpharamirez.com\\\/es\\\/leiga-pa-que-se-instruiga\\\/\"]}]},{\"@type\":\"BreadcrumbList\",\"@id\":\"https:\\\/\\\/www.alpharamirez.com\\\/es\\\/leiga-pa-que-se-instruiga\\\/#breadcrumb\",\"itemListElement\":[{\"@type\":\"ListItem\",\"position\":1,\"name\":\"Home\",\"item\":\"https:\\\/\\\/www.alpharamirez.com\\\/es\\\/\"},{\"@type\":\"ListItem\",\"position\":2,\"name\":\"Leiga pa que se instruiga\"}]},{\"@type\":\"WebSite\",\"@id\":\"https:\\\/\\\/www.alpharamirez.com\\\/es\\\/#website\",\"url\":\"https:\\\/\\\/www.alpharamirez.com\\\/es\\\/\",\"name\":\"Ram\u00edrez\",\"description\":\"\",\"publisher\":{\"@id\":\"https:\\\/\\\/www.alpharamirez.com\\\/es\\\/#\\\/schema\\\/person\\\/678baafe47cedaffa05ed5627b54fc41\"},\"potentialAction\":[{\"@type\":\"SearchAction\",\"target\":{\"@type\":\"EntryPoint\",\"urlTemplate\":\"https:\\\/\\\/www.alpharamirez.com\\\/es\\\/?s={search_term_string}\"},\"query-input\":{\"@type\":\"PropertyValueSpecification\",\"valueRequired\":true,\"valueName\":\"search_term_string\"}}],\"inLanguage\":\"es-CO\"},{\"@type\":[\"Person\",\"Organization\"],\"@id\":\"https:\\\/\\\/www.alpharamirez.com\\\/es\\\/#\\\/schema\\\/person\\\/678baafe47cedaffa05ed5627b54fc41\",\"name\":\"Ram\u00edrez\",\"image\":{\"@type\":\"ImageObject\",\"inLanguage\":\"es-CO\",\"@id\":\"https:\\\/\\\/secure.gravatar.com\\\/avatar\\\/52879b962f1280dad73e95a14595594aab83f010f64576691155b545d961fc23?s=96&d=retro&r=x\",\"url\":\"https:\\\/\\\/secure.gravatar.com\\\/avatar\\\/52879b962f1280dad73e95a14595594aab83f010f64576691155b545d961fc23?s=96&d=retro&r=x\",\"contentUrl\":\"https:\\\/\\\/secure.gravatar.com\\\/avatar\\\/52879b962f1280dad73e95a14595594aab83f010f64576691155b545d961fc23?s=96&d=retro&r=x\",\"caption\":\"Ram\u00edrez\"},\"logo\":{\"@id\":\"https:\\\/\\\/secure.gravatar.com\\\/avatar\\\/52879b962f1280dad73e95a14595594aab83f010f64576691155b545d961fc23?s=96&d=retro&r=x\"}}]}<\/script>\n<!-- \/ Yoast SEO plugin. -->","yoast_head_json":{"title":"Leiga pa que se instruiga - Ram\u00edrez","description":"Art\u00edculos generales de Aviaci\u00f3n y viajes, enfocados m\u00e1s o menos en gente que no sepa mucho del asunto. Hechos solo por compartir lo que pueda saber de esto.","robots":{"index":"index","follow":"follow","max-snippet":"max-snippet:-1","max-image-preview":"max-image-preview:large","max-video-preview":"max-video-preview:-1"},"canonical":"https:\/\/www.alpharamirez.com\/es\/leiga-pa-que-se-instruiga\/","og_locale":"es_ES","og_type":"article","og_title":"Leiga pa que se instruiga - Ram\u00edrez","og_description":"Art\u00edculos generales de Aviaci\u00f3n y viajes, enfocados m\u00e1s o menos en gente que no sepa mucho del asunto. Hechos solo por compartir lo que pueda saber de esto.","og_url":"https:\/\/www.alpharamirez.com\/es\/leiga-pa-que-se-instruiga\/","og_site_name":"Ram\u00edrez","article_modified_time":"2019-06-27T06:01:37+00:00","twitter_card":"summary_large_image","twitter_misc":{"Tiempo de lectura":"1 minuto"},"schema":{"@context":"https:\/\/schema.org","@graph":[{"@type":"WebPage","@id":"https:\/\/www.alpharamirez.com\/es\/leiga-pa-que-se-instruiga\/","url":"https:\/\/www.alpharamirez.com\/es\/leiga-pa-que-se-instruiga\/","name":"Leiga pa que se instruiga - Ram\u00edrez","isPartOf":{"@id":"https:\/\/www.alpharamirez.com\/es\/#website"},"datePublished":"2018-01-02T11:45:59+00:00","dateModified":"2019-06-27T06:01:37+00:00","description":"Art\u00edculos generales de Aviaci\u00f3n y viajes, enfocados m\u00e1s o menos en gente que no sepa mucho del asunto. Hechos solo por compartir lo que pueda saber de esto.","breadcrumb":{"@id":"https:\/\/www.alpharamirez.com\/es\/leiga-pa-que-se-instruiga\/#breadcrumb"},"inLanguage":"es-CO","potentialAction":[{"@type":"ReadAction","target":["https:\/\/www.alpharamirez.com\/es\/leiga-pa-que-se-instruiga\/"]}]},{"@type":"BreadcrumbList","@id":"https:\/\/www.alpharamirez.com\/es\/leiga-pa-que-se-instruiga\/#breadcrumb","itemListElement":[{"@type":"ListItem","position":1,"name":"Home","item":"https:\/\/www.alpharamirez.com\/es\/"},{"@type":"ListItem","position":2,"name":"Leiga pa que se instruiga"}]},{"@type":"WebSite","@id":"https:\/\/www.alpharamirez.com\/es\/#website","url":"https:\/\/www.alpharamirez.com\/es\/","name":"Ram\u00edrez","description":"","publisher":{"@id":"https:\/\/www.alpharamirez.com\/es\/#\/schema\/person\/678baafe47cedaffa05ed5627b54fc41"},"potentialAction":[{"@type":"SearchAction","target":{"@type":"EntryPoint","urlTemplate":"https:\/\/www.alpharamirez.com\/es\/?s={search_term_string}"},"query-input":{"@type":"PropertyValueSpecification","valueRequired":true,"valueName":"search_term_string"}}],"inLanguage":"es-CO"},{"@type":["Person","Organization"],"@id":"https:\/\/www.alpharamirez.com\/es\/#\/schema\/person\/678baafe47cedaffa05ed5627b54fc41","name":"Ram\u00edrez","image":{"@type":"ImageObject","inLanguage":"es-CO","@id":"https:\/\/secure.gravatar.com\/avatar\/52879b962f1280dad73e95a14595594aab83f010f64576691155b545d961fc23?s=96&d=retro&r=x","url":"https:\/\/secure.gravatar.com\/avatar\/52879b962f1280dad73e95a14595594aab83f010f64576691155b545d961fc23?s=96&d=retro&r=x","contentUrl":"https:\/\/secure.gravatar.com\/avatar\/52879b962f1280dad73e95a14595594aab83f010f64576691155b545d961fc23?s=96&d=retro&r=x","caption":"Ram\u00edrez"},"logo":{"@id":"https:\/\/secure.gravatar.com\/avatar\/52879b962f1280dad73e95a14595594aab83f010f64576691155b545d961fc23?s=96&d=retro&r=x"}}]}},"jetpack_sharing_enabled":true,"_links":{"self":[{"href":"https:\/\/www.alpharamirez.com\/es\/wp-json\/wp\/v2\/pages\/6727","targetHints":{"allow":["GET"]}}],"collection":[{"href":"https:\/\/www.alpharamirez.com\/es\/wp-json\/wp\/v2\/pages"}],"about":[{"href":"https:\/\/www.alpharamirez.com\/es\/wp-json\/wp\/v2\/types\/page"}],"author":[{"embeddable":true,"href":"https:\/\/www.alpharamirez.com\/es\/wp-json\/wp\/v2\/users\/1"}],"replies":[{"embeddable":true,"href":"https:\/\/www.alpharamirez.com\/es\/wp-json\/wp\/v2\/comments?post=6727"}],"version-history":[{"count":13,"href":"https:\/\/www.alpharamirez.com\/es\/wp-json\/wp\/v2\/pages\/6727\/revisions"}],"predecessor-version":[{"id":14611,"href":"https:\/\/www.alpharamirez.com\/es\/wp-json\/wp\/v2\/pages\/6727\/revisions\/14611"}],"wp:attachment":[{"href":"https:\/\/www.alpharamirez.com\/es\/wp-json\/wp\/v2\/media?parent=6727"}],"curies":[{"name":"wp","href":"https:\/\/api.w.org\/{rel}","templated":true}]}}