{"id":6104,"date":"2017-12-27T21:04:01","date_gmt":"2017-12-28T02:04:01","guid":{"rendered":"http:\/\/www.alpharamirez.com\/?page_id=6104"},"modified":"2019-06-27T01:00:31","modified_gmt":"2019-06-27T06:00:31","slug":"ramirez-es","status":"publish","type":"page","link":"https:\/\/www.alpharamirez.com\/es\/ramirez-es\/","title":{"rendered":"Ram\u00edrez"},"content":{"rendered":"<ol class=\"breadcrumb\">\n<i class=\"fa fa-chevron-right\"><\/i><br \/>\n<li><a href=\"https:\/\/www.alpharamirez.com\/es\/\" class=\"\"> Principal <\/a><\/li>\n<li><a href=\"https:\/\/www.alpharamirez.com\/es\/ramirez-es\/\" class=\"\"> Ram\u00edrez <\/a><\/li>\n<\/ol>\n[aesop_parallax img=&#8221;https:\/\/www.alpharamirez.com\/wp-content\/uploads\/2017\/12\/rambutters.jpg&#8221; parallaxbg=&#8221;fixed&#8221; captionposition=&#8221;bottom-left&#8221; lightbox=&#8221;off&#8221; floater=&#8221;on&#8221; floaterposition=&#8221;left&#8221; floaterdirection=&#8221;none&#8221; overlay_revealfx=&#8221;off&#8221;]\n<p>En esta secci\u00f3n he escrito algunas <strong><strong>cosas sobre m\u00ed mismo<\/strong><\/strong>, asuntos estad\u00edsticos, parte de mi historia y algunas de las razones por las que he tenido la vida que he tenido.<!--more--><\/p>\n[aesop_image img=&#8221;https:\/\/www.alpharamirez.com\/wp-content\/uploads\/2017\/12\/itsame.jpg&#8221; panorama=&#8221;off&#8221; imgwidth=&#8221;100%&#8221; align=&#8221;center&#8221; lightbox=&#8221;off&#8221; captionposition=&#8221;center&#8221; revealfx=&#8221;inplace&#8221; overlay_revealfx=&#8221;off&#8221; text_float=&#8221;off&#8221;]\n<p>En adici\u00f3n a eso menciono algunas cosas de mi vida que no tienen que ver con Aviaci\u00f3n, como el amor infinito que tengo por mi familia peluda (por la humana tambi\u00e9n, pero esa no va a aparecer mucho aqu\u00ed por asuntos de privacidad), historias de la mencionada familia, y aficiones y \u00f1o\u00f1adas como montar en bicicleta, los video juegos, y la fotograf\u00eda, entre otros.<\/p>\n<p>Navega con las opciones que hay abajo.<\/p>\n<hr \/>\n<div class=\"panel panel-info\">\n\t\t\t\t<div class=\"panel-heading\">\n\t\t\t\t\t<h4 class=\"panel-title\">\n\t\t\t\t\t\t<a class=\"collapsed\" data-toggle=\"collapse\" data-parent=\"#single-collapse\" href=\"#single-collapse-0\">Ver listado simple<\/a>\n\t\t\t\t\t<\/h4>\n\t\t\t\t<\/div>\n\t\t\t\t<div id=\"single-collapse-0\" class=\"panel-collapse collapse\">\n\t\t\t\t\t<div class=\"panel-body\">\n\n<table id=\"tablepress-36\" class=\"tablepress tablepress-id-36\">\n<thead>\n<tr class=\"row-1\">\n\t<th class=\"column-1\"><i class=\"fa fa-plane\"><\/i> Art\u00edculo<\/th><th class=\"column-2\"><i class=\"fa fa-calendar-alt\"><\/i>  Publicado<\/th>\n<\/tr>\n<\/thead>\n<tbody class=\"row-striping row-hover\">\n<tr class=\"row-2\">\n\t<td class=\"column-1\"><i class=\"fa fa-file-alt\"><\/i><a href=\"https:\/\/www.alpharamirez.com\/es\/portafolio\/\"> Portafolio<\/a><\/td><td class=\"column-2\">Diciembre 2017<\/td>\n<\/tr>\n<tr class=\"row-3\">\n\t<td class=\"column-1\"><i class=\"fa fa-file-alt\"><\/i><a href=\"https:\/\/www.alpharamirez.com\/es\/clarita-superviviente\/\"> Clarita superviviente<\/a><\/td><td class=\"column-2\">Diciembre 2017<\/td>\n<\/tr>\n<tr class=\"row-4\">\n\t<td class=\"column-1\"><i class=\"fa fa-file-alt\"><\/i><a href=\"https:\/\/www.alpharamirez.com\/es\/violetica-tikon-tikon\/\"> Violetica Tikon-Tikon<\/a><\/td><td class=\"column-2\">Septiembre 2019<\/td>\n<\/tr>\n<\/tbody>\n<\/table>\n<!-- #tablepress-36 from cache -->\n<\/div>\n\t\t\t\t<\/div>\n\t\t\t<\/div>\n\n[aesop_collection  title=&#8221;Listado gr\u00e1fico de art\u00edculos en el orden en que fueron publicados.  Si prefieres una tabla simple de texto en orden de publicaci\u00f3n, haz click arriba en &#34;ver listado simple&#34;.&#8221; collection=&#8221;197&#8243; limit=&#8221;20&#8243; columns=&#8221;2&#8243; splash=&#8221;off&#8221; order=&#8221;default&#8221; loadmore=&#8221;off&#8221; showexcerpt=&#8221;off&#8221; revealfx=&#8221;inplace&#8221;]\n","protected":false},"excerpt":{"rendered":"<p>[aesop_parallax img=&#8221;https:\/\/www.alpharamirez.com\/wp-content\/uploads\/2017\/12\/rambutters.jpg&#8221; parallaxbg=&#8221;fixed&#8221; captionposition=&#8221;bottom-left&#8221; lightbox=&#8221;off&#8221; floater=&#8221;on&#8221; floaterposition=&#8221;left&#8221; floaterdirection=&#8221;none&#8221; overlay_revealfx=&#8221;off&#8221;] En esta secci\u00f3n he escrito algunas cosas sobre m\u00ed mismo, asuntos estad\u00edsticos, parte de mi historia y algunas de las razones por las que he tenido la vida que he tenido.<\/p>\n","protected":false},"author":1,"featured_media":0,"parent":0,"menu_order":0,"comment_status":"closed","ping_status":"closed","template":"","meta":{"footnotes":""},"class_list":["post-6104","page","type-page","status-publish","hentry"],"yoast_head":"<!-- This site is optimized with the Yoast SEO plugin v27.5 - https:\/\/yoast.com\/product\/yoast-seo-wordpress\/ -->\n<title>Ram\u00edrez - Ram\u00edrez<\/title>\n<meta name=\"description\" content=\"Art\u00edculos en la categor\u00eda &quot;Ram\u00edrez&quot; organizados por orden de publicaci\u00f3n, o en listado gr\u00e1fico. \u00a1Vivencias y datos variados!\" \/>\n<meta name=\"robots\" content=\"index, follow, max-snippet:-1, max-image-preview:large, max-video-preview:-1\" \/>\n<link rel=\"canonical\" href=\"https:\/\/www.alpharamirez.com\/es\/ramirez-es\/\" \/>\n<meta property=\"og:locale\" content=\"es_ES\" \/>\n<meta property=\"og:type\" content=\"article\" \/>\n<meta property=\"og:title\" content=\"Ram\u00edrez - Ram\u00edrez\" \/>\n<meta property=\"og:description\" content=\"Art\u00edculos en la categor\u00eda &quot;Ram\u00edrez&quot; organizados por orden de publicaci\u00f3n, o en listado gr\u00e1fico. \u00a1Vivencias y datos variados!\" \/>\n<meta property=\"og:url\" content=\"https:\/\/www.alpharamirez.com\/es\/ramirez-es\/\" \/>\n<meta property=\"og:site_name\" content=\"Ram\u00edrez\" \/>\n<meta property=\"article:modified_time\" content=\"2019-06-27T06:00:31+00:00\" \/>\n<meta name=\"twitter:card\" content=\"summary_large_image\" \/>\n<meta name=\"twitter:label1\" content=\"Tiempo de lectura\" \/>\n\t<meta name=\"twitter:data1\" content=\"1 minuto\" \/>\n<script type=\"application\/ld+json\" class=\"yoast-schema-graph\">{\"@context\":\"https:\\\/\\\/schema.org\",\"@graph\":[{\"@type\":\"WebPage\",\"@id\":\"https:\\\/\\\/www.alpharamirez.com\\\/es\\\/ramirez-es\\\/\",\"url\":\"https:\\\/\\\/www.alpharamirez.com\\\/es\\\/ramirez-es\\\/\",\"name\":\"Ram\u00edrez - Ram\u00edrez\",\"isPartOf\":{\"@id\":\"https:\\\/\\\/www.alpharamirez.com\\\/es\\\/#website\"},\"datePublished\":\"2017-12-28T02:04:01+00:00\",\"dateModified\":\"2019-06-27T06:00:31+00:00\",\"description\":\"Art\u00edculos en la categor\u00eda \\\"Ram\u00edrez\\\" organizados por orden de publicaci\u00f3n, o en listado gr\u00e1fico. \u00a1Vivencias y datos variados!\",\"breadcrumb\":{\"@id\":\"https:\\\/\\\/www.alpharamirez.com\\\/es\\\/ramirez-es\\\/#breadcrumb\"},\"inLanguage\":\"es-CO\",\"potentialAction\":[{\"@type\":\"ReadAction\",\"target\":[\"https:\\\/\\\/www.alpharamirez.com\\\/es\\\/ramirez-es\\\/\"]}]},{\"@type\":\"BreadcrumbList\",\"@id\":\"https:\\\/\\\/www.alpharamirez.com\\\/es\\\/ramirez-es\\\/#breadcrumb\",\"itemListElement\":[{\"@type\":\"ListItem\",\"position\":1,\"name\":\"Home\",\"item\":\"https:\\\/\\\/www.alpharamirez.com\\\/es\\\/\"},{\"@type\":\"ListItem\",\"position\":2,\"name\":\"Ram\u00edrez\"}]},{\"@type\":\"WebSite\",\"@id\":\"https:\\\/\\\/www.alpharamirez.com\\\/es\\\/#website\",\"url\":\"https:\\\/\\\/www.alpharamirez.com\\\/es\\\/\",\"name\":\"Ram\u00edrez\",\"description\":\"\",\"publisher\":{\"@id\":\"https:\\\/\\\/www.alpharamirez.com\\\/es\\\/#\\\/schema\\\/person\\\/678baafe47cedaffa05ed5627b54fc41\"},\"potentialAction\":[{\"@type\":\"SearchAction\",\"target\":{\"@type\":\"EntryPoint\",\"urlTemplate\":\"https:\\\/\\\/www.alpharamirez.com\\\/es\\\/?s={search_term_string}\"},\"query-input\":{\"@type\":\"PropertyValueSpecification\",\"valueRequired\":true,\"valueName\":\"search_term_string\"}}],\"inLanguage\":\"es-CO\"},{\"@type\":[\"Person\",\"Organization\"],\"@id\":\"https:\\\/\\\/www.alpharamirez.com\\\/es\\\/#\\\/schema\\\/person\\\/678baafe47cedaffa05ed5627b54fc41\",\"name\":\"Ram\u00edrez\",\"image\":{\"@type\":\"ImageObject\",\"inLanguage\":\"es-CO\",\"@id\":\"https:\\\/\\\/secure.gravatar.com\\\/avatar\\\/52879b962f1280dad73e95a14595594aab83f010f64576691155b545d961fc23?s=96&d=retro&r=x\",\"url\":\"https:\\\/\\\/secure.gravatar.com\\\/avatar\\\/52879b962f1280dad73e95a14595594aab83f010f64576691155b545d961fc23?s=96&d=retro&r=x\",\"contentUrl\":\"https:\\\/\\\/secure.gravatar.com\\\/avatar\\\/52879b962f1280dad73e95a14595594aab83f010f64576691155b545d961fc23?s=96&d=retro&r=x\",\"caption\":\"Ram\u00edrez\"},\"logo\":{\"@id\":\"https:\\\/\\\/secure.gravatar.com\\\/avatar\\\/52879b962f1280dad73e95a14595594aab83f010f64576691155b545d961fc23?s=96&d=retro&r=x\"}}]}<\/script>\n<!-- \/ Yoast SEO plugin. -->","yoast_head_json":{"title":"Ram\u00edrez - Ram\u00edrez","description":"Art\u00edculos en la categor\u00eda \"Ram\u00edrez\" organizados por orden de publicaci\u00f3n, o en listado gr\u00e1fico. \u00a1Vivencias y datos variados!","robots":{"index":"index","follow":"follow","max-snippet":"max-snippet:-1","max-image-preview":"max-image-preview:large","max-video-preview":"max-video-preview:-1"},"canonical":"https:\/\/www.alpharamirez.com\/es\/ramirez-es\/","og_locale":"es_ES","og_type":"article","og_title":"Ram\u00edrez - Ram\u00edrez","og_description":"Art\u00edculos en la categor\u00eda \"Ram\u00edrez\" organizados por orden de publicaci\u00f3n, o en listado gr\u00e1fico. \u00a1Vivencias y datos variados!","og_url":"https:\/\/www.alpharamirez.com\/es\/ramirez-es\/","og_site_name":"Ram\u00edrez","article_modified_time":"2019-06-27T06:00:31+00:00","twitter_card":"summary_large_image","twitter_misc":{"Tiempo de lectura":"1 minuto"},"schema":{"@context":"https:\/\/schema.org","@graph":[{"@type":"WebPage","@id":"https:\/\/www.alpharamirez.com\/es\/ramirez-es\/","url":"https:\/\/www.alpharamirez.com\/es\/ramirez-es\/","name":"Ram\u00edrez - Ram\u00edrez","isPartOf":{"@id":"https:\/\/www.alpharamirez.com\/es\/#website"},"datePublished":"2017-12-28T02:04:01+00:00","dateModified":"2019-06-27T06:00:31+00:00","description":"Art\u00edculos en la categor\u00eda \"Ram\u00edrez\" organizados por orden de publicaci\u00f3n, o en listado gr\u00e1fico. \u00a1Vivencias y datos variados!","breadcrumb":{"@id":"https:\/\/www.alpharamirez.com\/es\/ramirez-es\/#breadcrumb"},"inLanguage":"es-CO","potentialAction":[{"@type":"ReadAction","target":["https:\/\/www.alpharamirez.com\/es\/ramirez-es\/"]}]},{"@type":"BreadcrumbList","@id":"https:\/\/www.alpharamirez.com\/es\/ramirez-es\/#breadcrumb","itemListElement":[{"@type":"ListItem","position":1,"name":"Home","item":"https:\/\/www.alpharamirez.com\/es\/"},{"@type":"ListItem","position":2,"name":"Ram\u00edrez"}]},{"@type":"WebSite","@id":"https:\/\/www.alpharamirez.com\/es\/#website","url":"https:\/\/www.alpharamirez.com\/es\/","name":"Ram\u00edrez","description":"","publisher":{"@id":"https:\/\/www.alpharamirez.com\/es\/#\/schema\/person\/678baafe47cedaffa05ed5627b54fc41"},"potentialAction":[{"@type":"SearchAction","target":{"@type":"EntryPoint","urlTemplate":"https:\/\/www.alpharamirez.com\/es\/?s={search_term_string}"},"query-input":{"@type":"PropertyValueSpecification","valueRequired":true,"valueName":"search_term_string"}}],"inLanguage":"es-CO"},{"@type":["Person","Organization"],"@id":"https:\/\/www.alpharamirez.com\/es\/#\/schema\/person\/678baafe47cedaffa05ed5627b54fc41","name":"Ram\u00edrez","image":{"@type":"ImageObject","inLanguage":"es-CO","@id":"https:\/\/secure.gravatar.com\/avatar\/52879b962f1280dad73e95a14595594aab83f010f64576691155b545d961fc23?s=96&d=retro&r=x","url":"https:\/\/secure.gravatar.com\/avatar\/52879b962f1280dad73e95a14595594aab83f010f64576691155b545d961fc23?s=96&d=retro&r=x","contentUrl":"https:\/\/secure.gravatar.com\/avatar\/52879b962f1280dad73e95a14595594aab83f010f64576691155b545d961fc23?s=96&d=retro&r=x","caption":"Ram\u00edrez"},"logo":{"@id":"https:\/\/secure.gravatar.com\/avatar\/52879b962f1280dad73e95a14595594aab83f010f64576691155b545d961fc23?s=96&d=retro&r=x"}}]}},"jetpack_sharing_enabled":true,"_links":{"self":[{"href":"https:\/\/www.alpharamirez.com\/es\/wp-json\/wp\/v2\/pages\/6104","targetHints":{"allow":["GET"]}}],"collection":[{"href":"https:\/\/www.alpharamirez.com\/es\/wp-json\/wp\/v2\/pages"}],"about":[{"href":"https:\/\/www.alpharamirez.com\/es\/wp-json\/wp\/v2\/types\/page"}],"author":[{"embeddable":true,"href":"https:\/\/www.alpharamirez.com\/es\/wp-json\/wp\/v2\/users\/1"}],"replies":[{"embeddable":true,"href":"https:\/\/www.alpharamirez.com\/es\/wp-json\/wp\/v2\/comments?post=6104"}],"version-history":[{"count":25,"href":"https:\/\/www.alpharamirez.com\/es\/wp-json\/wp\/v2\/pages\/6104\/revisions"}],"predecessor-version":[{"id":14609,"href":"https:\/\/www.alpharamirez.com\/es\/wp-json\/wp\/v2\/pages\/6104\/revisions\/14609"}],"wp:attachment":[{"href":"https:\/\/www.alpharamirez.com\/es\/wp-json\/wp\/v2\/media?parent=6104"}],"curies":[{"name":"wp","href":"https:\/\/api.w.org\/{rel}","templated":true}]}}