{"id":5112,"date":"2017-12-18T06:32:09","date_gmt":"2017-12-18T11:32:09","guid":{"rendered":"http:\/\/www.alpharamirez.com\/?page_id=5112"},"modified":"2018-12-10T17:20:39","modified_gmt":"2018-12-10T22:20:39","slug":"thai-airways","status":"publish","type":"page","link":"https:\/\/www.alpharamirez.com\/es\/galeria\/thai-airways\/","title":{"rendered":"Galer\u00eda de fotos > Thai Airways"},"content":{"rendered":"<ol class=\"breadcrumb\">\n<i class=\"fa fa-chevron-right\"><\/i><br \/>\n<li><a href=\"https:\/\/www.alpharamirez.com\/es\/\" class=\"\"> Principal <\/a><\/li>\n<li><a href=\"https:\/\/www.alpharamirez.com\/es\/galeria\/\" class=\"\"> Galer\u00eda de fotos <\/a><\/li><li><a href=\"https:\/\/www.alpharamirez.com\/es\/galeria\/thai-airways\/\" class=\"\"> Thai Airways <\/a><\/li>\n<\/ol>\n[aesop_parallax img=&#8221;https:\/\/www.alpharamirez.com\/wp-content\/uploads\/2017\/12\/DSC_1304.jpg&#8221; parallaxbg=&#8221;fixed&#8221; captionposition=&#8221;bottom-left&#8221; lightbox=&#8221;off&#8221; floater=&#8221;off&#8221; floaterposition=&#8221;left&#8221; floaterdirection=&#8221;none&#8221; overlay_revealfx=&#8221;off&#8221;]\n<div class=\"alert alert-info\"> <i class=\"fa fa-camera\"><\/i> Est\u00e1s viendo fotos de <strong>Aviaci\u00f3n<\/strong> &gt; <strong>Thai Airways<\/strong>.<\/p>\n<p>Si quieres ver de otra tem\u00e1tica puedes regresar a la p\u00e1gina principal de la <a href=\"https:\/\/www.alpharamirez.com\/es\/galeria\/\">galer\u00eda de fotos<\/a> para elegir otra categor\u00eda en el men\u00fa que hay all\u00e1.<\/div>\n<div class=\"panel panel-success\">\n\t\t\t\t<div class=\"panel-heading\">\n\t\t\t\t\t<h4 class=\"panel-title\">\n\t\t\t\t\t\t<a class=\"collapsed\" data-toggle=\"collapse\" data-parent=\"#single-collapse\" href=\"#single-collapse-0\">Modo de uso (click para ver)<\/a>\n\t\t\t\t\t<\/h4>\n\t\t\t\t<\/div>\n\t\t\t\t<div id=\"single-collapse-0\" class=\"panel-collapse collapse\">\n\t\t\t\t\t<div class=\"panel-body\">\n<div class=\"alert alert-success\">\u00a0<i class=\"fa fa-info-circle\"><\/i> <strong> Modo de uso<\/strong><\/p>\n<p><i class=\"fa fa-check-circle\"><\/i> Las fotos salen en grupos de 9. Haz click en la que te interese ver en pantalla completa.<\/p>\n<p><i class=\"fa fa-check-circle\"><\/i> El t\u00edtulo de la foto y los controles en pantalla completa desaparecen despu\u00e9s de unos segundos, haz click en la foto para que aparezcan de nuevo.<br \/>\n<i class=\"fa fa-mobile-alt\"><\/i> En un dispositivo m\u00f3vil desliza a la izquierda o derecha.<\/p>\n<p><i class=\"fa fa-check-circle\"><\/i> Haz click en cualquier parte por fuera de la foto para salir de pantalla completa.<br \/>\n<i class=\"fa fa-mobile-alt\"><\/i> En un dispositivo m\u00f3vil arrastra hacia abajo o hacia arriba hasta salir de pantalla completa.<\/p>\n<p><i class=\"fa fa-check-circle\"><\/i> Tambi\u00e9n puedes usar las flechas del teclado para navegar entre fotos, y la tecla ESC para salir de pantalla completa.<\/p>\n<p><i class=\"fa fa-check-circle\"><\/i> Para ver el siguiente grupo de 9 (si existiera), usa la paginaci\u00f3n debajo del grupo de fotos.<br \/>\n<\/div><\/div>\n\t\t\t\t<\/div>\n\t\t\t<\/div>\n<div class=\"panel panel-primary\"><div class=\"panel-heading\">Thai Airways<\/div><div class=\"panel-body\">\n<div class=\"flickr-justified-gallery-error\"><span style=\"color:red\">Flickr API error: <\/span><span class=\"flickr-justified-gallery-error-msg\">Invalid API Key (Key has invalid format)<\/span><\/div> <\/div> <div class=\"panel-footer\">\u00a1Lindas fotos oyeeee!<\/div><\/div>\n<div class=\"alert alert-info\">\n<p><i class=\"fa fa-copyright\"><\/i> Las reglas generales de <a href=\"https:\/\/www.alpharamirez.com\/es\/contenido-derecho-de-autor\/\">derecho de autor<\/a> aplican (b\u00e1sicamente no se pueden usar las fotos sin autorizaci\u00f3n). Si te interesa usar alguna foto para cualquier cosa, aunque sea sin \u00e1nimo de lucro, por favor <i class=\"fa fa-envelope\"><\/i> <a href=\"https:\/\/www.alpharamirez.com\/es\/contacto\/\"> cont\u00e1ctame<\/a>\u00a0para hablar al respecto.<\/p>\n<p>\u00a1Gracias por visitar!<\/p>\n<\/div>\n","protected":false},"excerpt":{"rendered":"<p>[aesop_parallax img=&#8221;https:\/\/www.alpharamirez.com\/wp-content\/uploads\/2017\/12\/DSC_1304.jpg&#8221; parallaxbg=&#8221;fixed&#8221; captionposition=&#8221;bottom-left&#8221; lightbox=&#8221;off&#8221; floater=&#8221;off&#8221; floaterposition=&#8221;left&#8221; floaterdirection=&#8221;none&#8221; overlay_revealfx=&#8221;off&#8221;]<\/p>\n","protected":false},"author":1,"featured_media":0,"parent":4747,"menu_order":0,"comment_status":"closed","ping_status":"closed","template":"","meta":{"footnotes":""},"class_list":["post-5112","page","type-page","status-publish","hentry"],"yoast_head":"<!-- This site is optimized with the Yoast SEO plugin v27.3 - https:\/\/yoast.com\/product\/yoast-seo-wordpress\/ -->\n<title>Galer\u00eda de fotos &gt; Thai Airways - Ram\u00edrez<\/title>\n<meta name=\"description\" content=\"Galer\u00eda de fotos que he tomado. En esta p\u00e1gina espec\u00edfica podr\u00e1s ver fotos de Aviaci\u00f3n &gt; Thai Airways.\" \/>\n<meta name=\"robots\" content=\"index, follow, max-snippet:-1, max-image-preview:large, max-video-preview:-1\" \/>\n<link rel=\"canonical\" href=\"https:\/\/www.alpharamirez.com\/es\/galeria\/thai-airways\/\" \/>\n<meta property=\"og:locale\" content=\"es_ES\" \/>\n<meta property=\"og:type\" content=\"article\" \/>\n<meta property=\"og:title\" content=\"Galer\u00eda de fotos &gt; Thai Airways - Ram\u00edrez\" \/>\n<meta property=\"og:description\" content=\"Galer\u00eda de fotos que he tomado. En esta p\u00e1gina espec\u00edfica podr\u00e1s ver fotos de Aviaci\u00f3n &gt; Thai Airways.\" \/>\n<meta property=\"og:url\" content=\"https:\/\/www.alpharamirez.com\/es\/galeria\/thai-airways\/\" \/>\n<meta property=\"og:site_name\" content=\"Ram\u00edrez\" \/>\n<meta property=\"article:modified_time\" content=\"2018-12-10T22:20:39+00:00\" \/>\n<meta name=\"twitter:card\" content=\"summary_large_image\" \/>\n<meta name=\"twitter:label1\" content=\"Tiempo de lectura\" \/>\n\t<meta name=\"twitter:data1\" content=\"2 minutos\" \/>\n<script type=\"application\/ld+json\" class=\"yoast-schema-graph\">{\"@context\":\"https:\\\/\\\/schema.org\",\"@graph\":[{\"@type\":\"WebPage\",\"@id\":\"https:\\\/\\\/www.alpharamirez.com\\\/es\\\/galeria\\\/thai-airways\\\/\",\"url\":\"https:\\\/\\\/www.alpharamirez.com\\\/es\\\/galeria\\\/thai-airways\\\/\",\"name\":\"Galer\u00eda de fotos > Thai Airways - Ram\u00edrez\",\"isPartOf\":{\"@id\":\"https:\\\/\\\/www.alpharamirez.com\\\/es\\\/#website\"},\"datePublished\":\"2017-12-18T11:32:09+00:00\",\"dateModified\":\"2018-12-10T22:20:39+00:00\",\"description\":\"Galer\u00eda de fotos que he tomado. En esta p\u00e1gina espec\u00edfica podr\u00e1s ver fotos de Aviaci\u00f3n > Thai Airways.\",\"breadcrumb\":{\"@id\":\"https:\\\/\\\/www.alpharamirez.com\\\/es\\\/galeria\\\/thai-airways\\\/#breadcrumb\"},\"inLanguage\":\"es-CO\",\"potentialAction\":[{\"@type\":\"ReadAction\",\"target\":[\"https:\\\/\\\/www.alpharamirez.com\\\/es\\\/galeria\\\/thai-airways\\\/\"]}]},{\"@type\":\"BreadcrumbList\",\"@id\":\"https:\\\/\\\/www.alpharamirez.com\\\/es\\\/galeria\\\/thai-airways\\\/#breadcrumb\",\"itemListElement\":[{\"@type\":\"ListItem\",\"position\":1,\"name\":\"Home\",\"item\":\"https:\\\/\\\/www.alpharamirez.com\\\/es\\\/\"},{\"@type\":\"ListItem\",\"position\":2,\"name\":\"Galer\u00eda de fotos\",\"item\":\"https:\\\/\\\/www.alpharamirez.com\\\/es\\\/galeria\\\/\"},{\"@type\":\"ListItem\",\"position\":3,\"name\":\"Galer\u00eda de fotos > Thai Airways\"}]},{\"@type\":\"WebSite\",\"@id\":\"https:\\\/\\\/www.alpharamirez.com\\\/es\\\/#website\",\"url\":\"https:\\\/\\\/www.alpharamirez.com\\\/es\\\/\",\"name\":\"Ram\u00edrez\",\"description\":\"\",\"publisher\":{\"@id\":\"https:\\\/\\\/www.alpharamirez.com\\\/es\\\/#\\\/schema\\\/person\\\/678baafe47cedaffa05ed5627b54fc41\"},\"potentialAction\":[{\"@type\":\"SearchAction\",\"target\":{\"@type\":\"EntryPoint\",\"urlTemplate\":\"https:\\\/\\\/www.alpharamirez.com\\\/es\\\/?s={search_term_string}\"},\"query-input\":{\"@type\":\"PropertyValueSpecification\",\"valueRequired\":true,\"valueName\":\"search_term_string\"}}],\"inLanguage\":\"es-CO\"},{\"@type\":[\"Person\",\"Organization\"],\"@id\":\"https:\\\/\\\/www.alpharamirez.com\\\/es\\\/#\\\/schema\\\/person\\\/678baafe47cedaffa05ed5627b54fc41\",\"name\":\"Ram\u00edrez\",\"image\":{\"@type\":\"ImageObject\",\"inLanguage\":\"es-CO\",\"@id\":\"https:\\\/\\\/secure.gravatar.com\\\/avatar\\\/52879b962f1280dad73e95a14595594aab83f010f64576691155b545d961fc23?s=96&d=retro&r=x\",\"url\":\"https:\\\/\\\/secure.gravatar.com\\\/avatar\\\/52879b962f1280dad73e95a14595594aab83f010f64576691155b545d961fc23?s=96&d=retro&r=x\",\"contentUrl\":\"https:\\\/\\\/secure.gravatar.com\\\/avatar\\\/52879b962f1280dad73e95a14595594aab83f010f64576691155b545d961fc23?s=96&d=retro&r=x\",\"caption\":\"Ram\u00edrez\"},\"logo\":{\"@id\":\"https:\\\/\\\/secure.gravatar.com\\\/avatar\\\/52879b962f1280dad73e95a14595594aab83f010f64576691155b545d961fc23?s=96&d=retro&r=x\"}}]}<\/script>\n<!-- \/ Yoast SEO plugin. -->","yoast_head_json":{"title":"Galer\u00eda de fotos > Thai Airways - Ram\u00edrez","description":"Galer\u00eda de fotos que he tomado. En esta p\u00e1gina espec\u00edfica podr\u00e1s ver fotos de Aviaci\u00f3n > Thai Airways.","robots":{"index":"index","follow":"follow","max-snippet":"max-snippet:-1","max-image-preview":"max-image-preview:large","max-video-preview":"max-video-preview:-1"},"canonical":"https:\/\/www.alpharamirez.com\/es\/galeria\/thai-airways\/","og_locale":"es_ES","og_type":"article","og_title":"Galer\u00eda de fotos > Thai Airways - Ram\u00edrez","og_description":"Galer\u00eda de fotos que he tomado. En esta p\u00e1gina espec\u00edfica podr\u00e1s ver fotos de Aviaci\u00f3n > Thai Airways.","og_url":"https:\/\/www.alpharamirez.com\/es\/galeria\/thai-airways\/","og_site_name":"Ram\u00edrez","article_modified_time":"2018-12-10T22:20:39+00:00","twitter_card":"summary_large_image","twitter_misc":{"Tiempo de lectura":"2 minutos"},"schema":{"@context":"https:\/\/schema.org","@graph":[{"@type":"WebPage","@id":"https:\/\/www.alpharamirez.com\/es\/galeria\/thai-airways\/","url":"https:\/\/www.alpharamirez.com\/es\/galeria\/thai-airways\/","name":"Galer\u00eda de fotos > Thai Airways - Ram\u00edrez","isPartOf":{"@id":"https:\/\/www.alpharamirez.com\/es\/#website"},"datePublished":"2017-12-18T11:32:09+00:00","dateModified":"2018-12-10T22:20:39+00:00","description":"Galer\u00eda de fotos que he tomado. En esta p\u00e1gina espec\u00edfica podr\u00e1s ver fotos de Aviaci\u00f3n > Thai Airways.","breadcrumb":{"@id":"https:\/\/www.alpharamirez.com\/es\/galeria\/thai-airways\/#breadcrumb"},"inLanguage":"es-CO","potentialAction":[{"@type":"ReadAction","target":["https:\/\/www.alpharamirez.com\/es\/galeria\/thai-airways\/"]}]},{"@type":"BreadcrumbList","@id":"https:\/\/www.alpharamirez.com\/es\/galeria\/thai-airways\/#breadcrumb","itemListElement":[{"@type":"ListItem","position":1,"name":"Home","item":"https:\/\/www.alpharamirez.com\/es\/"},{"@type":"ListItem","position":2,"name":"Galer\u00eda de fotos","item":"https:\/\/www.alpharamirez.com\/es\/galeria\/"},{"@type":"ListItem","position":3,"name":"Galer\u00eda de fotos > Thai Airways"}]},{"@type":"WebSite","@id":"https:\/\/www.alpharamirez.com\/es\/#website","url":"https:\/\/www.alpharamirez.com\/es\/","name":"Ram\u00edrez","description":"","publisher":{"@id":"https:\/\/www.alpharamirez.com\/es\/#\/schema\/person\/678baafe47cedaffa05ed5627b54fc41"},"potentialAction":[{"@type":"SearchAction","target":{"@type":"EntryPoint","urlTemplate":"https:\/\/www.alpharamirez.com\/es\/?s={search_term_string}"},"query-input":{"@type":"PropertyValueSpecification","valueRequired":true,"valueName":"search_term_string"}}],"inLanguage":"es-CO"},{"@type":["Person","Organization"],"@id":"https:\/\/www.alpharamirez.com\/es\/#\/schema\/person\/678baafe47cedaffa05ed5627b54fc41","name":"Ram\u00edrez","image":{"@type":"ImageObject","inLanguage":"es-CO","@id":"https:\/\/secure.gravatar.com\/avatar\/52879b962f1280dad73e95a14595594aab83f010f64576691155b545d961fc23?s=96&d=retro&r=x","url":"https:\/\/secure.gravatar.com\/avatar\/52879b962f1280dad73e95a14595594aab83f010f64576691155b545d961fc23?s=96&d=retro&r=x","contentUrl":"https:\/\/secure.gravatar.com\/avatar\/52879b962f1280dad73e95a14595594aab83f010f64576691155b545d961fc23?s=96&d=retro&r=x","caption":"Ram\u00edrez"},"logo":{"@id":"https:\/\/secure.gravatar.com\/avatar\/52879b962f1280dad73e95a14595594aab83f010f64576691155b545d961fc23?s=96&d=retro&r=x"}}]}},"jetpack_sharing_enabled":true,"_links":{"self":[{"href":"https:\/\/www.alpharamirez.com\/es\/wp-json\/wp\/v2\/pages\/5112","targetHints":{"allow":["GET"]}}],"collection":[{"href":"https:\/\/www.alpharamirez.com\/es\/wp-json\/wp\/v2\/pages"}],"about":[{"href":"https:\/\/www.alpharamirez.com\/es\/wp-json\/wp\/v2\/types\/page"}],"author":[{"embeddable":true,"href":"https:\/\/www.alpharamirez.com\/es\/wp-json\/wp\/v2\/users\/1"}],"replies":[{"embeddable":true,"href":"https:\/\/www.alpharamirez.com\/es\/wp-json\/wp\/v2\/comments?post=5112"}],"version-history":[{"count":6,"href":"https:\/\/www.alpharamirez.com\/es\/wp-json\/wp\/v2\/pages\/5112\/revisions"}],"predecessor-version":[{"id":10703,"href":"https:\/\/www.alpharamirez.com\/es\/wp-json\/wp\/v2\/pages\/5112\/revisions\/10703"}],"up":[{"embeddable":true,"href":"https:\/\/www.alpharamirez.com\/es\/wp-json\/wp\/v2\/pages\/4747"}],"wp:attachment":[{"href":"https:\/\/www.alpharamirez.com\/es\/wp-json\/wp\/v2\/media?parent=5112"}],"curies":[{"name":"wp","href":"https:\/\/api.w.org\/{rel}","templated":true}]}}