{"id":4232,"date":"2017-12-05T19:28:22","date_gmt":"2017-12-06T00:28:22","guid":{"rendered":"http:\/\/www.alpharamirez.com\/?page_id=4232"},"modified":"2020-07-09T19:03:04","modified_gmt":"2020-07-10T00:03:04","slug":"contacto","status":"publish","type":"page","link":"https:\/\/www.alpharamirez.com\/es\/contacto\/","title":{"rendered":"Contacto"},"content":{"rendered":"<ol class=\"breadcrumb\">\n<i class=\"fa fa-chevron-right\"><\/i><br \/>\n<li><a href=\"https:\/\/www.alpharamirez.com\/es\/\" class=\"\"> Principal <\/a><\/li>\n<li><a href=\"https:\/\/www.alpharamirez.com\/es\/contacto\/\" class=\"\"> Contacto <\/a><\/li>\n<\/ol>\n[aesop_parallax img=&#8221;https:\/\/www.alpharamirez.com\/wp-content\/uploads\/2017\/12\/chinapost.jpg&#8221; parallaxbg=&#8221;fixed&#8221; captionposition=&#8221;bottom-left&#8221; lightbox=&#8221;off&#8221; floater=&#8221;on&#8221; floatermedia=&#8221;Env\u00edame un mensaje EMS nenaaaaaa.&#8221; floaterposition=&#8221;center&#8221; floaterdirection=&#8221;down&#8221; overlay_revealfx=&#8221;inplace&#8221;]\n<p>A trav\u00e9s del siguiente formulario me puedes enviar un mensaje si as\u00ed lo deseas. Por favor llena todos los campos, y adjunta alg\u00fan archivo si lo consideras necesario.<\/p>\n<p>Intentar\u00e9 responderte tan pronto sea posible. \u00a1Gracias!<\/p>\n<hr \/>\n<p style=\"text-align: center;\">\n<div class=\"wpcf7 no-js\" id=\"wpcf7-f17716-o1\" lang=\"en-GB\" dir=\"ltr\" data-wpcf7-id=\"17716\">\n<div class=\"screen-reader-response\"><p role=\"status\" aria-live=\"polite\" aria-atomic=\"true\"><\/p> <ul><\/ul><\/div>\n<form action=\"\/es\/wp-json\/wp\/v2\/pages\/4232#wpcf7-f17716-o1\" method=\"post\" class=\"wpcf7-form init\" aria-label=\"Contact form\" enctype=\"multipart\/form-data\" novalidate=\"novalidate\" data-status=\"init\">\n<fieldset class=\"hidden-fields-container\"><input type=\"hidden\" name=\"_wpcf7\" value=\"17716\" \/><input type=\"hidden\" name=\"_wpcf7_version\" value=\"6.1.5\" \/><input type=\"hidden\" name=\"_wpcf7_locale\" value=\"en_GB\" \/><input type=\"hidden\" name=\"_wpcf7_unit_tag\" value=\"wpcf7-f17716-o1\" \/><input type=\"hidden\" name=\"_wpcf7_container_post\" value=\"0\" \/><input type=\"hidden\" name=\"_wpcf7_posted_data_hash\" value=\"\" \/>\n<\/fieldset>\n<div align=\"center\">\n\t<p><label> Nombre (requerido)<br \/>\n<span class=\"wpcf7-form-control-wrap\" data-name=\"your-name\"><input size=\"40\" maxlength=\"400\" class=\"wpcf7-form-control wpcf7-text wpcf7-validates-as-required\" aria-required=\"true\" aria-invalid=\"false\" value=\"\" type=\"text\" name=\"your-name\" \/><\/span> <\/label>\n\t<\/p>\n\t<p><label> Email (requerido)<br \/>\n<span class=\"wpcf7-form-control-wrap\" data-name=\"your-email\"><input size=\"40\" maxlength=\"400\" class=\"wpcf7-form-control wpcf7-email wpcf7-validates-as-required wpcf7-text wpcf7-validates-as-email\" aria-required=\"true\" aria-invalid=\"false\" value=\"\" type=\"email\" name=\"your-email\" \/><\/span> <\/label>\n\t<\/p>\n\t<p><label> Ciudad (requerido)<br \/>\n<span class=\"wpcf7-form-control-wrap\" data-name=\"your-city\"><input size=\"40\" maxlength=\"400\" class=\"wpcf7-form-control wpcf7-text wpcf7-validates-as-required\" aria-required=\"true\" aria-invalid=\"false\" value=\"\" type=\"text\" name=\"your-city\" \/><\/span> <\/label>\n\t<\/p>\n\t<p><label> Mensaje (requerido)<br \/>\n<span class=\"wpcf7-form-control-wrap\" data-name=\"your-message\"><textarea cols=\"40\" rows=\"10\" maxlength=\"2000\" class=\"wpcf7-form-control wpcf7-textarea wpcf7-validates-as-required\" aria-required=\"true\" aria-invalid=\"false\" name=\"your-message\"><\/textarea><\/span> <\/label>\n\t<\/p>\n\t<p><label> Archivo adjunto (si aplica, l\u00edmite 5mb)<br \/>\n<span class=\"wpcf7-form-control-wrap\" data-name=\"file-736\"><input size=\"40\" class=\"wpcf7-form-control wpcf7-file\" accept=\".jpg,.jpeg,.png,.gif,.pdf,.doc,.docx,.ppt,.pptx,.odt,.avi,.ogg,.m4a,.mov,.mp3,.mp4,.mpg,.wav,.wmv,.xls,.xlsx\" aria-invalid=\"false\" type=\"file\" name=\"file-736\" \/><\/span> <\/label>\n\t<\/p>\n\t<p><span class=\"wpcf7-form-control-wrap kc_captcha\" data-name=\"kc_captcha\"><span class=\"wpcf7-form-control wpcf7-radio\"><span class=\"captcha-image\" ><span class=\"cf7ic_instructions\">Please prove you are human by selecting the<span> heart<\/span>.<\/span><label><input aria-label=\"1\" type=\"radio\" name=\"kc_captcha\" value=\"kc_human\" \/><svg aria-hidden=\"true\" role=\"img\" xmlns=\"http:\/\/www.w3.org\/2000\/svg\" viewBox=\"0 0 576 512\"><path fill=\"currentColor\" d=\"M415 24c-53 0-103 42-127 65-24-23-74-65-127-65C70 24 16 77 16 166c0 72 67 133 69 135l187 181c9 8 23 8 32 0l187-180c2-3 69-64 69-136 0-89-54-142-145-142z\"\/><\/svg><\/label><label><input aria-label=\"2\" type=\"radio\" name=\"kc_captcha\" value=\"bot\" \/><svg aria-hidden=\"true\" role=\"img\" xmlns=\"http:\/\/www.w3.org\/2000\/svg\" viewBox=\"0 0 640 512\"><path fill=\"currentColor\" d=\"M624 352h-16V244c0-13-5-25-14-34L494 110c-9-9-21-14-34-14h-44V48c0-26-21-48-48-48H48C22 0 0 22 0 48v320c0 27 22 48 48 48h16a96 96 0 00192 0h128a96 96 0 00192 0h48c9 0 16-7 16-16v-32c0-9-7-16-16-16zM160 464a48 48 0 110-96 48 48 0 010 96zm320 0a48 48 0 110-96 48 48 0 010 96zm80-208H416V144h44l100 100v12z\"\/><\/svg><\/label><label><input aria-label=\"3\" type=\"radio\" name=\"kc_captcha\" value=\"bot\" \/><svg aria-hidden=\"true\" role=\"img\" xmlns=\"http:\/\/www.w3.org\/2000\/svg\" viewBox=\"0 0 384 512\"><path fill=\"currentColor\" d=\"M377 375l-83-87h34c21 0 32-25 17-40l-82-88h33c21 0 32-25 18-40L210 8c-10-11-26-11-36 0L70 120c-14 15-3 40 18 40h33l-82 88c-15 15-4 40 17 40h34L7 375c-15 16-4 41 17 41h120c0 33-11 49-34 68-12 9-5 28 10 28h144c15 0 22-19 10-28-20-16-34-32-34-68h120c21 0 32-25 17-41z\"\/><\/svg><\/label>\r\n    <\/span>\r\n    <span style=\"display:none\">\r\n        <input type=\"text\" name=\"kc_honeypot\">\r\n    <\/span><\/span><\/span>\n\t<\/p>\n\t<p><input class=\"wpcf7-form-control wpcf7-submit has-spinner\" type=\"submit\" value=\"Enviar\" \/>\n\t<\/p>\n<\/div><p style=\"display: none !important;\" class=\"akismet-fields-container\" data-prefix=\"_wpcf7_ak_\"><label>&#916;<textarea name=\"_wpcf7_ak_hp_textarea\" cols=\"45\" rows=\"8\" maxlength=\"100\"><\/textarea><\/label><input type=\"hidden\" id=\"ak_js_1\" name=\"_wpcf7_ak_js\" value=\"150\"\/><script type=\"text\/javascript\">\n\/* <![CDATA[ *\/\ndocument.getElementById( \"ak_js_1\" ).setAttribute( \"value\", ( new Date() ).getTime() );\n\/* ]]> *\/\n<\/script>\n<\/p><div class=\"wpcf7-response-output\" aria-hidden=\"true\"><\/div>\n<\/form>\n<\/div>\n\n","protected":false},"excerpt":{"rendered":"<p>[aesop_parallax img=&#8221;https:\/\/www.alpharamirez.com\/wp-content\/uploads\/2017\/12\/chinapost.jpg&#8221; parallaxbg=&#8221;fixed&#8221; captionposition=&#8221;bottom-left&#8221; lightbox=&#8221;off&#8221; floater=&#8221;on&#8221; floatermedia=&#8221;Env\u00edame un mensaje EMS nenaaaaaa.&#8221; floaterposition=&#8221;center&#8221; floaterdirection=&#8221;down&#8221; overlay_revealfx=&#8221;inplace&#8221;] A trav\u00e9s del siguiente formulario me puedes enviar un mensaje si as\u00ed lo deseas. Por favor llena todos los campos, y adjunta alg\u00fan archivo si lo consideras necesario. Intentar\u00e9 responderte tan pronto sea posible. \u00a1Gracias!<\/p>\n","protected":false},"author":1,"featured_media":0,"parent":0,"menu_order":0,"comment_status":"closed","ping_status":"closed","template":"","meta":{"footnotes":""},"class_list":["post-4232","page","type-page","status-publish","hentry"],"yoast_head":"<!-- This site is optimized with the Yoast SEO plugin v27.5 - https:\/\/yoast.com\/product\/yoast-seo-wordpress\/ -->\n<title>Contacto - Ram\u00edrez<\/title>\n<meta name=\"description\" content=\"Contacta a Ram\u00edrez usando \u00e9ste s\u00faper simple y util\u00edsimo formulario.\" \/>\n<meta name=\"robots\" content=\"index, follow, max-snippet:-1, max-image-preview:large, max-video-preview:-1\" \/>\n<link rel=\"canonical\" href=\"https:\/\/www.alpharamirez.com\/es\/contacto\/\" \/>\n<meta property=\"og:locale\" content=\"es_ES\" \/>\n<meta property=\"og:type\" content=\"article\" \/>\n<meta property=\"og:title\" content=\"Contacto - Ram\u00edrez\" \/>\n<meta property=\"og:description\" content=\"Contacta a Ram\u00edrez usando \u00e9ste s\u00faper simple y util\u00edsimo formulario.\" \/>\n<meta property=\"og:url\" content=\"https:\/\/www.alpharamirez.com\/es\/contacto\/\" \/>\n<meta property=\"og:site_name\" content=\"Ram\u00edrez\" \/>\n<meta property=\"article:modified_time\" content=\"2020-07-10T00:03:04+00:00\" \/>\n<meta name=\"twitter:card\" content=\"summary_large_image\" \/>\n<script type=\"application\/ld+json\" class=\"yoast-schema-graph\">{\"@context\":\"https:\\\/\\\/schema.org\",\"@graph\":[{\"@type\":\"WebPage\",\"@id\":\"https:\\\/\\\/www.alpharamirez.com\\\/es\\\/contacto\\\/\",\"url\":\"https:\\\/\\\/www.alpharamirez.com\\\/es\\\/contacto\\\/\",\"name\":\"Contacto - Ram\u00edrez\",\"isPartOf\":{\"@id\":\"https:\\\/\\\/www.alpharamirez.com\\\/es\\\/#website\"},\"datePublished\":\"2017-12-06T00:28:22+00:00\",\"dateModified\":\"2020-07-10T00:03:04+00:00\",\"description\":\"Contacta a Ram\u00edrez usando \u00e9ste s\u00faper simple y util\u00edsimo formulario.\",\"breadcrumb\":{\"@id\":\"https:\\\/\\\/www.alpharamirez.com\\\/es\\\/contacto\\\/#breadcrumb\"},\"inLanguage\":\"es-CO\",\"potentialAction\":[{\"@type\":\"ReadAction\",\"target\":[\"https:\\\/\\\/www.alpharamirez.com\\\/es\\\/contacto\\\/\"]}]},{\"@type\":\"BreadcrumbList\",\"@id\":\"https:\\\/\\\/www.alpharamirez.com\\\/es\\\/contacto\\\/#breadcrumb\",\"itemListElement\":[{\"@type\":\"ListItem\",\"position\":1,\"name\":\"Home\",\"item\":\"https:\\\/\\\/www.alpharamirez.com\\\/es\\\/\"},{\"@type\":\"ListItem\",\"position\":2,\"name\":\"Contacto\"}]},{\"@type\":\"WebSite\",\"@id\":\"https:\\\/\\\/www.alpharamirez.com\\\/es\\\/#website\",\"url\":\"https:\\\/\\\/www.alpharamirez.com\\\/es\\\/\",\"name\":\"Ram\u00edrez\",\"description\":\"\",\"publisher\":{\"@id\":\"https:\\\/\\\/www.alpharamirez.com\\\/es\\\/#\\\/schema\\\/person\\\/678baafe47cedaffa05ed5627b54fc41\"},\"potentialAction\":[{\"@type\":\"SearchAction\",\"target\":{\"@type\":\"EntryPoint\",\"urlTemplate\":\"https:\\\/\\\/www.alpharamirez.com\\\/es\\\/?s={search_term_string}\"},\"query-input\":{\"@type\":\"PropertyValueSpecification\",\"valueRequired\":true,\"valueName\":\"search_term_string\"}}],\"inLanguage\":\"es-CO\"},{\"@type\":[\"Person\",\"Organization\"],\"@id\":\"https:\\\/\\\/www.alpharamirez.com\\\/es\\\/#\\\/schema\\\/person\\\/678baafe47cedaffa05ed5627b54fc41\",\"name\":\"Ram\u00edrez\",\"image\":{\"@type\":\"ImageObject\",\"inLanguage\":\"es-CO\",\"@id\":\"https:\\\/\\\/secure.gravatar.com\\\/avatar\\\/52879b962f1280dad73e95a14595594aab83f010f64576691155b545d961fc23?s=96&d=retro&r=x\",\"url\":\"https:\\\/\\\/secure.gravatar.com\\\/avatar\\\/52879b962f1280dad73e95a14595594aab83f010f64576691155b545d961fc23?s=96&d=retro&r=x\",\"contentUrl\":\"https:\\\/\\\/secure.gravatar.com\\\/avatar\\\/52879b962f1280dad73e95a14595594aab83f010f64576691155b545d961fc23?s=96&d=retro&r=x\",\"caption\":\"Ram\u00edrez\"},\"logo\":{\"@id\":\"https:\\\/\\\/secure.gravatar.com\\\/avatar\\\/52879b962f1280dad73e95a14595594aab83f010f64576691155b545d961fc23?s=96&d=retro&r=x\"}}]}<\/script>\n<!-- \/ Yoast SEO plugin. -->","yoast_head_json":{"title":"Contacto - Ram\u00edrez","description":"Contacta a Ram\u00edrez usando \u00e9ste s\u00faper simple y util\u00edsimo formulario.","robots":{"index":"index","follow":"follow","max-snippet":"max-snippet:-1","max-image-preview":"max-image-preview:large","max-video-preview":"max-video-preview:-1"},"canonical":"https:\/\/www.alpharamirez.com\/es\/contacto\/","og_locale":"es_ES","og_type":"article","og_title":"Contacto - Ram\u00edrez","og_description":"Contacta a Ram\u00edrez usando \u00e9ste s\u00faper simple y util\u00edsimo formulario.","og_url":"https:\/\/www.alpharamirez.com\/es\/contacto\/","og_site_name":"Ram\u00edrez","article_modified_time":"2020-07-10T00:03:04+00:00","twitter_card":"summary_large_image","schema":{"@context":"https:\/\/schema.org","@graph":[{"@type":"WebPage","@id":"https:\/\/www.alpharamirez.com\/es\/contacto\/","url":"https:\/\/www.alpharamirez.com\/es\/contacto\/","name":"Contacto - Ram\u00edrez","isPartOf":{"@id":"https:\/\/www.alpharamirez.com\/es\/#website"},"datePublished":"2017-12-06T00:28:22+00:00","dateModified":"2020-07-10T00:03:04+00:00","description":"Contacta a Ram\u00edrez usando \u00e9ste s\u00faper simple y util\u00edsimo formulario.","breadcrumb":{"@id":"https:\/\/www.alpharamirez.com\/es\/contacto\/#breadcrumb"},"inLanguage":"es-CO","potentialAction":[{"@type":"ReadAction","target":["https:\/\/www.alpharamirez.com\/es\/contacto\/"]}]},{"@type":"BreadcrumbList","@id":"https:\/\/www.alpharamirez.com\/es\/contacto\/#breadcrumb","itemListElement":[{"@type":"ListItem","position":1,"name":"Home","item":"https:\/\/www.alpharamirez.com\/es\/"},{"@type":"ListItem","position":2,"name":"Contacto"}]},{"@type":"WebSite","@id":"https:\/\/www.alpharamirez.com\/es\/#website","url":"https:\/\/www.alpharamirez.com\/es\/","name":"Ram\u00edrez","description":"","publisher":{"@id":"https:\/\/www.alpharamirez.com\/es\/#\/schema\/person\/678baafe47cedaffa05ed5627b54fc41"},"potentialAction":[{"@type":"SearchAction","target":{"@type":"EntryPoint","urlTemplate":"https:\/\/www.alpharamirez.com\/es\/?s={search_term_string}"},"query-input":{"@type":"PropertyValueSpecification","valueRequired":true,"valueName":"search_term_string"}}],"inLanguage":"es-CO"},{"@type":["Person","Organization"],"@id":"https:\/\/www.alpharamirez.com\/es\/#\/schema\/person\/678baafe47cedaffa05ed5627b54fc41","name":"Ram\u00edrez","image":{"@type":"ImageObject","inLanguage":"es-CO","@id":"https:\/\/secure.gravatar.com\/avatar\/52879b962f1280dad73e95a14595594aab83f010f64576691155b545d961fc23?s=96&d=retro&r=x","url":"https:\/\/secure.gravatar.com\/avatar\/52879b962f1280dad73e95a14595594aab83f010f64576691155b545d961fc23?s=96&d=retro&r=x","contentUrl":"https:\/\/secure.gravatar.com\/avatar\/52879b962f1280dad73e95a14595594aab83f010f64576691155b545d961fc23?s=96&d=retro&r=x","caption":"Ram\u00edrez"},"logo":{"@id":"https:\/\/secure.gravatar.com\/avatar\/52879b962f1280dad73e95a14595594aab83f010f64576691155b545d961fc23?s=96&d=retro&r=x"}}]}},"jetpack_sharing_enabled":true,"_links":{"self":[{"href":"https:\/\/www.alpharamirez.com\/es\/wp-json\/wp\/v2\/pages\/4232","targetHints":{"allow":["GET"]}}],"collection":[{"href":"https:\/\/www.alpharamirez.com\/es\/wp-json\/wp\/v2\/pages"}],"about":[{"href":"https:\/\/www.alpharamirez.com\/es\/wp-json\/wp\/v2\/types\/page"}],"author":[{"embeddable":true,"href":"https:\/\/www.alpharamirez.com\/es\/wp-json\/wp\/v2\/users\/1"}],"replies":[{"embeddable":true,"href":"https:\/\/www.alpharamirez.com\/es\/wp-json\/wp\/v2\/comments?post=4232"}],"version-history":[{"count":16,"href":"https:\/\/www.alpharamirez.com\/es\/wp-json\/wp\/v2\/pages\/4232\/revisions"}],"predecessor-version":[{"id":17723,"href":"https:\/\/www.alpharamirez.com\/es\/wp-json\/wp\/v2\/pages\/4232\/revisions\/17723"}],"wp:attachment":[{"href":"https:\/\/www.alpharamirez.com\/es\/wp-json\/wp\/v2\/media?parent=4232"}],"curies":[{"name":"wp","href":"https:\/\/api.w.org\/{rel}","templated":true}]}}