{"id":2920,"date":"2017-12-05T15:11:50","date_gmt":"2017-12-05T20:11:50","guid":{"rendered":"http:\/\/www.alpharamirez.com\/?page_id=2920"},"modified":"2020-04-06T02:31:15","modified_gmt":"2020-04-06T07:31:15","slug":"contenido-derecho-de-autor","status":"publish","type":"page","link":"https:\/\/www.alpharamirez.com\/es\/contenido-derecho-de-autor\/","title":{"rendered":"Contenido &#8211; Derecho de Autor"},"content":{"rendered":"<ol class=\"breadcrumb\">\n<i class=\"fa fa-chevron-right\"><\/i><br \/>\n<li><a href=\"https:\/\/www.alpharamirez.com\/es\/\" class=\"\"> Principal <\/a><\/li>\n<li><a href=\"https:\/\/www.alpharamirez.com\/es\/contenido-derecho-de-autor\/\" class=\"\"> Contenido &#8211; Derecho de Autor <\/a><\/li>\n<\/ol>\n[aesop_parallax img=&#8221;https:\/\/www.alpharamirez.com\/wp-content\/uploads\/2017\/12\/winners.jpg&#8221; parallaxbg=&#8221;fixed&#8221; captionposition=&#8221;bottom-left&#8221; lightbox=&#8221;off&#8221; floater=&#8221;off&#8221; floaterposition=&#8221;left&#8221; floaterdirection=&#8221;none&#8221; overlay_revealfx=&#8221;off&#8221;]\n<p style=\"text-align: center;\"><strong><strong>Del contenido en general<\/strong><\/strong><\/p>\n<p>El contenido en este sitio, cuando ha sido escrito por m\u00ed mismo, est\u00e1 escrito con base en mis experiencias, mis gustos, mi visi\u00f3n de un momento dado, y mi limitado conocimiento sobre una cosa u otra.<\/p>\n<p>Gran parte del contenido lo escrib\u00ed mucho tiempo despu\u00e9s de que sucedieran las cosas, entonces hay cosas que pueden ser inexactas por el tiempo que ha pasado.<\/p>\n<p>O puede haber cosas que recuerdo muy bien pero que han cambiado y ya no son como yo las describo, y ni cuenta me he dado. No doy ninguna garant\u00eda de la idoneidad ni exactitud del contenido que he escrito aqu\u00ed para ning\u00fan prop\u00f3sito.<\/p>\n[aesop_image img=&#8221;https:\/\/www.alpharamirez.com\/wp-content\/uploads\/2017\/12\/svetlans.jpg&#8221; panorama=&#8221;off&#8221; imgwidth=&#8221;100%&#8221; align=&#8221;center&#8221; lightbox=&#8221;off&#8221; captionposition=&#8221;center&#8221; revealfx=&#8221;inplace&#8221; overlay_revealfx=&#8221;off&#8221; text_float=&#8221;off&#8221;]\n<p>No me creo la autoridad de nada de lo que hablo aqu\u00ed, y puedes estar en desacuerdo con cualquier cosa que leas. Las opiniones de cosas son subjetivas y a m\u00ed no me interesa convencer a nadie de nada.<\/p>\n<p>Por otro lado, los hechos tienen una naturaleza muy distinta a la de las opiniones, as\u00ed que si te das cuenta de que he escrito algo que sea t\u00e9cnica, o hist\u00f3ricamente incorrecto, por favor,\u00a0<span style=\"font-size: 1em;\">not\u00edficame<\/span><span style=\"font-size: 1em;\">. Me estar\u00edas haciendo un favor.<\/span><\/p>\n<hr \/>\n<p style=\"text-align: center;\"><strong><strong>Asuntos t\u00e9cnicos<\/strong><\/strong><\/p>\n<p>He intentado que el sitio se pueda ver en la mayor cantidad posible de dispositivos, sistemas operativos, y navegadores.<\/p>\n[aesop_image img=&#8221;https:\/\/www.alpharamirez.com\/wp-content\/uploads\/2017\/12\/Windows98shutdown-en.png&#8221; panorama=&#8221;off&#8221; imgwidth=&#8221;100%&#8221; align=&#8221;center&#8221; lightbox=&#8221;off&#8221; captionposition=&#8221;left&#8221; revealfx=&#8221;inplace&#8221; overlay_revealfx=&#8221;off&#8221; text_float=&#8221;off&#8221;]\n<p>Sin embargo, est\u00e1 dise\u00f1ado m\u00e1s que todo para ser visto en un computador port\u00e1til o de escritorio, y se ve mucho mejor as\u00ed.<\/p>\n<p>Deber\u00eda funcionar aceptablemente bien en <em><strong>dispositivos m\u00f3viles<\/strong><\/em> y en <em><strong>Safari<\/strong><\/em>, pero en esas plataformas puede haber peque\u00f1os problemas, sobre todo con algunas im\u00e1genes o galer\u00edas.<\/p>\n<p>Si ves el sitio en un <em><strong>dispositivo m\u00f3vil<\/strong><\/em> o usando <em><strong>Safari<\/strong><\/em>, es posible que algunas im\u00e1genes no aparezcan correctamente, o no aparezcan en absoluto.<\/p>\n<p>Recomiendo ver el website usando un computador port\u00e1til o de escritorio, usando <em><strong>Chrome<\/strong><\/em> o <em><strong>Firefox<\/strong><\/em>.<\/p>\n<p>De esa manera, el sitio se podr\u00e1 ver como he pretendido que se vea, y con tan pocos de esos problemas de im\u00e1genes como sea posible, de manera que el lector no se pierda ninguna imagen o galer\u00eda que podr\u00eda no aparecer en las otras plataformas.<\/p>\n<p>Dicho eso, si encuentras alg\u00fan bug o comportamiento extra\u00f1o adicional, agradezco que me lo hagas saber.<\/p>\n<hr \/>\n<p style=\"text-align: center;\"><strong><strong>De los derechos de autor<\/strong><\/strong><\/p>\n<p>Comparto lo que escribo con todo el gusto del mundo, pero eso no te da derecho a usar el material sin mi consentimiento, ni editarlo, ni nada por el estilo.\u00a0<strong><strong>NO autorizo<\/strong><\/strong> a usar el contenido, ni a reproducirlo a trav\u00e9s de ning\u00fan medio, f\u00edsico o electr\u00f3nico, sin mi previa autorizaci\u00f3n escrita mediante correo electr\u00f3nico, o autorizaci\u00f3n f\u00edsica escrita.<\/p>\n<p>Por supuesto, esto no aplica a im\u00e1genes u otros contenidos que no me pertenezcan pero que haya usado con autorizaci\u00f3n, ya sea del propio autor o porque su licencia permite el uso libre. Esas im\u00e1genes se reconocen porque su cr\u00e9dito no me corresponde (<em><strong><strong>&#8220;Ram\u00edrez.&#8221;<\/strong><\/strong><\/em>), y as\u00ed lo he escrito, en donde hayan sido usadas.<\/p>\n<p>En ese caso aplica lo que diga la licencia de la imagen o el contenido en cuesti\u00f3n, incluyendo el uso libre. O si no hay claridad acerca de la licencia, lo que diga el due\u00f1o cuando lo contactes al respecto.<\/p>\n[aesop_image img=&#8221;https:\/\/www.alpharamirez.com\/wp-content\/uploads\/2017\/12\/Red_copyright.png&#8221; panorama=&#8221;off&#8221; imgwidth=&#8221;100%&#8221; align=&#8221;center&#8221; lightbox=&#8221;off&#8221; captionposition=&#8221;left&#8221; revealfx=&#8221;inplace&#8221; overlay_revealfx=&#8221;off&#8221; text_float=&#8221;off&#8221;]\n<p>Si tienes alg\u00fan inter\u00e9s en usar algo para lo que sea, por favor escr\u00edbeme antes. Yo no vivo de esto, y si el uso es en algo que no sea con \u00e1nimo de lucro estoy muy presto a colaborar, en t\u00e9rminos generales, y en condiciones razonables. Igual, me reservo el derecho a rechazar cualquier propuesta por la raz\u00f3n que yo considere, o por ninguna raz\u00f3n.<\/p>\n<p>Si es con \u00e1nimo de lucro tambi\u00e9n estoy presto a colaborar, pero entender\u00e1s que no est\u00e9 yo de acuerdo con que alguien se lucre de mi trabajo (o hobby) sin que yo reciba nada. Entonces cont\u00e1ctame, y vemos a que arreglo llegamos, de acuerdo a las condiciones en que tengas planeado usar el material.<\/p>\n<p>Ya he tenido inconvenientes con medios de comunicaci\u00f3n que han abusado de esa forma. Y en un par de ocasiones hasta el sistema legal se ha ido, con abogados y todo el rollo, y he ganado.<\/p>\n<p>No es algo que disfrute, pero estoy dispuesto a hacerlo de nuevo, as\u00ed que por favor, s\u00e9 respetuoso de los derechos de autor. Nada de <em><strong><strong>&#8220;foto cortes\u00eda&#8221;<\/strong><\/strong><\/em> hasta que de hecho yo mismo tenga la cortes\u00eda (y en ese caso ir\u00eda el cr\u00e9dito correspondiente), ni <em><strong><strong>&#8220;modalidades&#8221;<\/strong><\/strong><\/em> similares.<\/p>\n\n[aesop_image  img=&#8221;https:\/\/www.alpharamirez.com\/wp-content\/uploads\/2017\/12\/blue_copyright.png&#8221; panorama=&#8221;off&#8221; imgwidth=&#8221;100%&#8221; align=&#8221;center&#8221; lightbox=&#8221;off&#8221; captionposition=&#8221;center&#8221; revealfx=&#8221;inplace&#8221; overlay_revealfx=&#8221;off&#8221; text_float=&#8221;off&#8221;]\n<p>Casi todo el material que hay en este sitio ha sido escrito por m\u00ed, excepto cuando se especifique lo contrario.<\/p>\n<p>Del mismo modo, casi todas las fotos han sido tomadas por m\u00ed, y cuando no es el caso, han sido tomadas de fuentes que no impiden su uso de la manera en que yo lo he hecho aqu\u00ed.<\/p>\n<p>Los videos que no me pertenecen, alojados en <em><strong>Youtube<\/strong><\/em>, <em><strong>Vimeo<\/strong><\/em> u otros servicios, permitido su alojamiento seg\u00fan las normas de dichos servicios, no tienen ninguna advertencia o bloqueo en contra usarlos de la manera en que lo he hecho en este sitio, hasta el momento de la \u00faltima actualizaci\u00f3n.<\/p>\n<p>Dicho eso, si encuentras en este sitio alg\u00fan material que te pertenezca, o a un tercero, y crees que ha sido usado indebidamente, por favor not\u00edficame prontamente para solucionar el asunto.<\/p>\n<p>Eso era todo.<br \/>\nMil gracias, picos por all\u00e1.<\/p>\n","protected":false},"excerpt":{"rendered":"<p>[aesop_parallax img=&#8221;https:\/\/www.alpharamirez.com\/wp-content\/uploads\/2017\/12\/winners.jpg&#8221; parallaxbg=&#8221;fixed&#8221; captionposition=&#8221;bottom-left&#8221; lightbox=&#8221;off&#8221; floater=&#8221;off&#8221; floaterposition=&#8221;left&#8221; floaterdirection=&#8221;none&#8221; overlay_revealfx=&#8221;off&#8221;] Del contenido en general El contenido en este sitio, cuando ha sido escrito por m\u00ed mismo, est\u00e1 escrito con base en mis experiencias, mis gustos, mi visi\u00f3n de un momento dado, y mi limitado conocimiento sobre una cosa u otra. Gran parte del contenido lo escrib\u00ed [&hellip;]<\/p>\n","protected":false},"author":1,"featured_media":0,"parent":0,"menu_order":0,"comment_status":"closed","ping_status":"closed","template":"","meta":{"footnotes":""},"class_list":["post-2920","page","type-page","status-publish","hentry"],"yoast_head":"<!-- This site is optimized with the Yoast SEO plugin v27.5 - https:\/\/yoast.com\/product\/yoast-seo-wordpress\/ -->\n<title>Contenido - Derecho de Autor - Ram\u00edrez<\/title>\n<meta name=\"description\" content=\"Unas simples notas generales sobre el contenido que hay en este sitio y el derecho de autor del mismo.\" \/>\n<meta name=\"robots\" content=\"index, follow, max-snippet:-1, max-image-preview:large, max-video-preview:-1\" \/>\n<link rel=\"canonical\" href=\"https:\/\/www.alpharamirez.com\/es\/contenido-derecho-de-autor\/\" \/>\n<meta property=\"og:locale\" content=\"es_ES\" \/>\n<meta property=\"og:type\" content=\"article\" \/>\n<meta property=\"og:title\" content=\"Contenido - Derecho de Autor - Ram\u00edrez\" \/>\n<meta property=\"og:description\" content=\"Unas simples notas generales sobre el contenido que hay en este sitio y el derecho de autor del mismo.\" \/>\n<meta property=\"og:url\" content=\"https:\/\/www.alpharamirez.com\/es\/contenido-derecho-de-autor\/\" \/>\n<meta property=\"og:site_name\" content=\"Ram\u00edrez\" \/>\n<meta property=\"article:modified_time\" content=\"2020-04-06T07:31:15+00:00\" \/>\n<meta name=\"twitter:card\" content=\"summary_large_image\" \/>\n<meta name=\"twitter:label1\" content=\"Tiempo de lectura\" \/>\n\t<meta name=\"twitter:data1\" content=\"5 minutos\" \/>\n<script type=\"application\/ld+json\" class=\"yoast-schema-graph\">{\"@context\":\"https:\\\/\\\/schema.org\",\"@graph\":[{\"@type\":\"WebPage\",\"@id\":\"https:\\\/\\\/www.alpharamirez.com\\\/es\\\/contenido-derecho-de-autor\\\/\",\"url\":\"https:\\\/\\\/www.alpharamirez.com\\\/es\\\/contenido-derecho-de-autor\\\/\",\"name\":\"Contenido - Derecho de Autor - Ram\u00edrez\",\"isPartOf\":{\"@id\":\"https:\\\/\\\/www.alpharamirez.com\\\/es\\\/#website\"},\"datePublished\":\"2017-12-05T20:11:50+00:00\",\"dateModified\":\"2020-04-06T07:31:15+00:00\",\"description\":\"Unas simples notas generales sobre el contenido que hay en este sitio y el derecho de autor del mismo.\",\"breadcrumb\":{\"@id\":\"https:\\\/\\\/www.alpharamirez.com\\\/es\\\/contenido-derecho-de-autor\\\/#breadcrumb\"},\"inLanguage\":\"es-CO\",\"potentialAction\":[{\"@type\":\"ReadAction\",\"target\":[\"https:\\\/\\\/www.alpharamirez.com\\\/es\\\/contenido-derecho-de-autor\\\/\"]}]},{\"@type\":\"BreadcrumbList\",\"@id\":\"https:\\\/\\\/www.alpharamirez.com\\\/es\\\/contenido-derecho-de-autor\\\/#breadcrumb\",\"itemListElement\":[{\"@type\":\"ListItem\",\"position\":1,\"name\":\"Home\",\"item\":\"https:\\\/\\\/www.alpharamirez.com\\\/es\\\/\"},{\"@type\":\"ListItem\",\"position\":2,\"name\":\"Contenido &#8211; Derecho de Autor\"}]},{\"@type\":\"WebSite\",\"@id\":\"https:\\\/\\\/www.alpharamirez.com\\\/es\\\/#website\",\"url\":\"https:\\\/\\\/www.alpharamirez.com\\\/es\\\/\",\"name\":\"Ram\u00edrez\",\"description\":\"\",\"publisher\":{\"@id\":\"https:\\\/\\\/www.alpharamirez.com\\\/es\\\/#\\\/schema\\\/person\\\/678baafe47cedaffa05ed5627b54fc41\"},\"potentialAction\":[{\"@type\":\"SearchAction\",\"target\":{\"@type\":\"EntryPoint\",\"urlTemplate\":\"https:\\\/\\\/www.alpharamirez.com\\\/es\\\/?s={search_term_string}\"},\"query-input\":{\"@type\":\"PropertyValueSpecification\",\"valueRequired\":true,\"valueName\":\"search_term_string\"}}],\"inLanguage\":\"es-CO\"},{\"@type\":[\"Person\",\"Organization\"],\"@id\":\"https:\\\/\\\/www.alpharamirez.com\\\/es\\\/#\\\/schema\\\/person\\\/678baafe47cedaffa05ed5627b54fc41\",\"name\":\"Ram\u00edrez\",\"image\":{\"@type\":\"ImageObject\",\"inLanguage\":\"es-CO\",\"@id\":\"https:\\\/\\\/secure.gravatar.com\\\/avatar\\\/52879b962f1280dad73e95a14595594aab83f010f64576691155b545d961fc23?s=96&d=retro&r=x\",\"url\":\"https:\\\/\\\/secure.gravatar.com\\\/avatar\\\/52879b962f1280dad73e95a14595594aab83f010f64576691155b545d961fc23?s=96&d=retro&r=x\",\"contentUrl\":\"https:\\\/\\\/secure.gravatar.com\\\/avatar\\\/52879b962f1280dad73e95a14595594aab83f010f64576691155b545d961fc23?s=96&d=retro&r=x\",\"caption\":\"Ram\u00edrez\"},\"logo\":{\"@id\":\"https:\\\/\\\/secure.gravatar.com\\\/avatar\\\/52879b962f1280dad73e95a14595594aab83f010f64576691155b545d961fc23?s=96&d=retro&r=x\"}}]}<\/script>\n<!-- \/ Yoast SEO plugin. -->","yoast_head_json":{"title":"Contenido - Derecho de Autor - Ram\u00edrez","description":"Unas simples notas generales sobre el contenido que hay en este sitio y el derecho de autor del mismo.","robots":{"index":"index","follow":"follow","max-snippet":"max-snippet:-1","max-image-preview":"max-image-preview:large","max-video-preview":"max-video-preview:-1"},"canonical":"https:\/\/www.alpharamirez.com\/es\/contenido-derecho-de-autor\/","og_locale":"es_ES","og_type":"article","og_title":"Contenido - Derecho de Autor - Ram\u00edrez","og_description":"Unas simples notas generales sobre el contenido que hay en este sitio y el derecho de autor del mismo.","og_url":"https:\/\/www.alpharamirez.com\/es\/contenido-derecho-de-autor\/","og_site_name":"Ram\u00edrez","article_modified_time":"2020-04-06T07:31:15+00:00","twitter_card":"summary_large_image","twitter_misc":{"Tiempo de lectura":"5 minutos"},"schema":{"@context":"https:\/\/schema.org","@graph":[{"@type":"WebPage","@id":"https:\/\/www.alpharamirez.com\/es\/contenido-derecho-de-autor\/","url":"https:\/\/www.alpharamirez.com\/es\/contenido-derecho-de-autor\/","name":"Contenido - Derecho de Autor - Ram\u00edrez","isPartOf":{"@id":"https:\/\/www.alpharamirez.com\/es\/#website"},"datePublished":"2017-12-05T20:11:50+00:00","dateModified":"2020-04-06T07:31:15+00:00","description":"Unas simples notas generales sobre el contenido que hay en este sitio y el derecho de autor del mismo.","breadcrumb":{"@id":"https:\/\/www.alpharamirez.com\/es\/contenido-derecho-de-autor\/#breadcrumb"},"inLanguage":"es-CO","potentialAction":[{"@type":"ReadAction","target":["https:\/\/www.alpharamirez.com\/es\/contenido-derecho-de-autor\/"]}]},{"@type":"BreadcrumbList","@id":"https:\/\/www.alpharamirez.com\/es\/contenido-derecho-de-autor\/#breadcrumb","itemListElement":[{"@type":"ListItem","position":1,"name":"Home","item":"https:\/\/www.alpharamirez.com\/es\/"},{"@type":"ListItem","position":2,"name":"Contenido &#8211; Derecho de Autor"}]},{"@type":"WebSite","@id":"https:\/\/www.alpharamirez.com\/es\/#website","url":"https:\/\/www.alpharamirez.com\/es\/","name":"Ram\u00edrez","description":"","publisher":{"@id":"https:\/\/www.alpharamirez.com\/es\/#\/schema\/person\/678baafe47cedaffa05ed5627b54fc41"},"potentialAction":[{"@type":"SearchAction","target":{"@type":"EntryPoint","urlTemplate":"https:\/\/www.alpharamirez.com\/es\/?s={search_term_string}"},"query-input":{"@type":"PropertyValueSpecification","valueRequired":true,"valueName":"search_term_string"}}],"inLanguage":"es-CO"},{"@type":["Person","Organization"],"@id":"https:\/\/www.alpharamirez.com\/es\/#\/schema\/person\/678baafe47cedaffa05ed5627b54fc41","name":"Ram\u00edrez","image":{"@type":"ImageObject","inLanguage":"es-CO","@id":"https:\/\/secure.gravatar.com\/avatar\/52879b962f1280dad73e95a14595594aab83f010f64576691155b545d961fc23?s=96&d=retro&r=x","url":"https:\/\/secure.gravatar.com\/avatar\/52879b962f1280dad73e95a14595594aab83f010f64576691155b545d961fc23?s=96&d=retro&r=x","contentUrl":"https:\/\/secure.gravatar.com\/avatar\/52879b962f1280dad73e95a14595594aab83f010f64576691155b545d961fc23?s=96&d=retro&r=x","caption":"Ram\u00edrez"},"logo":{"@id":"https:\/\/secure.gravatar.com\/avatar\/52879b962f1280dad73e95a14595594aab83f010f64576691155b545d961fc23?s=96&d=retro&r=x"}}]}},"jetpack_sharing_enabled":true,"_links":{"self":[{"href":"https:\/\/www.alpharamirez.com\/es\/wp-json\/wp\/v2\/pages\/2920","targetHints":{"allow":["GET"]}}],"collection":[{"href":"https:\/\/www.alpharamirez.com\/es\/wp-json\/wp\/v2\/pages"}],"about":[{"href":"https:\/\/www.alpharamirez.com\/es\/wp-json\/wp\/v2\/types\/page"}],"author":[{"embeddable":true,"href":"https:\/\/www.alpharamirez.com\/es\/wp-json\/wp\/v2\/users\/1"}],"replies":[{"embeddable":true,"href":"https:\/\/www.alpharamirez.com\/es\/wp-json\/wp\/v2\/comments?post=2920"}],"version-history":[{"count":46,"href":"https:\/\/www.alpharamirez.com\/es\/wp-json\/wp\/v2\/pages\/2920\/revisions"}],"predecessor-version":[{"id":17701,"href":"https:\/\/www.alpharamirez.com\/es\/wp-json\/wp\/v2\/pages\/2920\/revisions\/17701"}],"wp:attachment":[{"href":"https:\/\/www.alpharamirez.com\/es\/wp-json\/wp\/v2\/media?parent=2920"}],"curies":[{"name":"wp","href":"https:\/\/api.w.org\/{rel}","templated":true}]}}