{"id":2805,"date":"2017-11-22T06:49:13","date_gmt":"2017-11-22T11:49:13","guid":{"rendered":"http:\/\/www.alpharamirez.com\/?page_id=2805"},"modified":"2025-04-21T16:31:10","modified_gmt":"2025-04-21T21:31:10","slug":"principal","status":"publish","type":"page","link":"https:\/\/www.alpharamirez.com\/es\/","title":{"rendered":"Principal"},"content":{"rendered":"<p>Buenas buenas <i class=\"fa fa-kiss-wink-heart\"><\/i>, has llegado a mi p\u00e1gina.<\/p>\n<p>Decid\u00ed hacer una p\u00e1gina propia porque no encontr\u00e9 una plataforma que me sirviera, de la manera en que yo quer\u00eda, para publicar lo que me nac\u00eda compartir de ciertas cosas que he hecho, y lugares que he visitado. Y pues aqu\u00ed est\u00e1, no es m\u00e1s.<\/p>\n\n[aesop_image  img=&#8221;https:\/\/www.alpharamirez.com\/wp-content\/uploads\/2017\/11\/cessna.jpg&#8221; panorama=&#8221;off&#8221; imgwidth=&#8221;100%&#8221; align=&#8221;center&#8221; lightbox=&#8221;off&#8221; captionposition=&#8221;center&#8221; revealfx=&#8221;inplace&#8221; overlay_revealfx=&#8221;off&#8221; text_float=&#8221;off&#8221;]\n<p>Lo hago como ejercicio para que no se me olviden las cosas. Y para que todas esas fotos sean algo m\u00e1s que informaci\u00f3n en un disco duro que nadie ve. Para compartir todo eso con mis amigos, familiares, y con cualquier otra persona a quien pudiera resultar interesante lo que tengo para contar. Simple como eso.<\/p>\n<hr \/>\n[aesop_parallax img=&#8221;https:\/\/www.alpharamirez.com\/wp-content\/uploads\/2017\/11\/cessnorria.jpg&#8221; parallaxbg=&#8221;fixed&#8221; captionposition=&#8221;bottom-left&#8221; lightbox=&#8221;off&#8221; floater=&#8221;on&#8221; floaterposition=&#8221;left&#8221; floaterdirection=&#8221;none&#8221; overlay_revealfx=&#8221;off&#8221;]\n<p style=\"text-align: center;\"><strong><strong>\u00bfQu\u00e9 hay aqu\u00ed?<\/strong><\/strong><\/p>\n<p>Lo que pretendo mostrar aqu\u00ed podr\u00eda dividirse b\u00e1sicamente en cuatro cosas:<\/p>\n<p><strong><strong>Relatos de viajes<\/strong><\/strong> que he hecho. Con enfoque \u00f1o\u00f1o en Aviaci\u00f3n y algo de contenido en general de mis impresiones y la historia de los lugares que he visitado, en la secci\u00f3n <em><i class=\"fa fa-globe-americas\"><\/i><a href=\"https:\/\/www.alpharamirez.com\/es\/porfueriando\/\"> Porfueriando<\/a><\/em>.<\/p>\n<p>Algunas <strong><strong>notas de inter\u00e9s sobre asuntos de Aviaci\u00f3n y viajes.<\/strong><\/strong>\u00a0M\u00e1s o menos enfocadas en gente que no sepa mucho del tema, y con el \u00fanico inter\u00e9s de compartir un poquito del conocimiento que yo tengo sobre esto. Eso est\u00e1 en <em><i class=\"fa fa-plane\"><\/i><a href=\"https:\/\/www.alpharamirez.com\/es\/leiga-pa-que-se-instruiga\/\"> Leiga pa que se instruiga<\/a><\/em>.<\/p>\n[aesop_parallax img=&#8221;https:\/\/www.alpharamirez.com\/wp-content\/uploads\/2017\/11\/centurion.jpg&#8221; parallaxbg=&#8221;fixed&#8221; captionposition=&#8221;bottom-left&#8221; lightbox=&#8221;off&#8221; floater=&#8221;on&#8221; floaterposition=&#8221;left&#8221; floaterdirection=&#8221;none&#8221; overlay_revealfx=&#8221;off&#8221;]\n<p>Tambi\u00e9n he escrito algunas <strong><strong>cosas sobre m\u00ed<\/strong><\/strong>. Cosas estad\u00edsticas, parte de mi historia, y algunos de los hechos por los que he tenido la vida que he tenido.<\/p>\n<p>En adici\u00f3n a eso menciono algunas cosas de mi vida que no tienen que ver con Aviaci\u00f3n, como el amor infinito que tengo por mi familia peluda, <a href=\"https:\/\/www.alpharamirez.com\/es\/violetica-tikon-tikon\/\">sobre todo<\/a> mi <strong>Violetica.<\/strong>\u00a0Por supuesto, ese amor va a la familia la humana tambi\u00e9n, pero no van a aparecer mucho por aqu\u00ed por asuntos de privacidad.<\/p>\n\n[aesop_parallax img=&#8221;https:\/\/www.alpharamirez.com\/wp-content\/uploads\/2018\/12\/tikonheart.jpg&#8221; parallaxbg=&#8221;fixed&#8221; captionposition=&#8221;bottom-left&#8221; lightbox=&#8221;off&#8221; floater=&#8221;on&#8221; floaterposition=&#8221;left&#8221; floaterdirection=&#8221;none&#8221; overlay_revealfx=&#8221;off&#8221;]\n<p>Muchas de estas cosas se entrelazan con las otras secciones, y dan algo de contexto adicional.\u00a0<i class=\"fa fa-heart\"><\/i><a href=\"https:\/\/www.alpharamirez.com\/es\/ramirez-es\/\"><em> Ram\u00edrez<\/em><\/a> es el lugar de estas cosas.<\/p>\n<p>Hablando de fotograf\u00eda, en <i class=\"fa fa-camera\"><\/i><a href=\"https:\/\/www.alpharamirez.com\/es\/galeria\/\"><em> Galer\u00eda de fotos<\/em><\/a> hay\u00a0<strong><strong>fotos que he tomado<\/strong><\/strong> en mis viajes, en mis sesiones de <em><strong>spotting<\/strong><\/em>, y de los perritos, en un contexto por fuera de los art\u00edculos escritos.<\/p>\n<p>He subido fotos en otros sitios de Aviaci\u00f3n y afines, y no pretendo dejar de hacerlo. Pero est\u00e1 bien tambi\u00e9n tener mi propia galer\u00eda sin las limitaciones de plataformas con normas de terceros.<\/p>\n[aesop_parallax img=&#8221;https:\/\/www.alpharamirez.com\/wp-content\/uploads\/2017\/11\/jal.jpg&#8221; parallaxbg=&#8221;fixed&#8221; captionposition=&#8221;bottom-left&#8221; lightbox=&#8221;off&#8221; floater=&#8221;off&#8221; floaterposition=&#8221;left&#8221; floaterdirection=&#8221;none&#8221; overlay_revealfx=&#8221;off&#8221;]\n<p>Y por \u00faltimo pero no menos importante, hay algunas consideraciones b\u00e1sicas sobre el <i class=\"fa fa-copyright\"><\/i><a href=\"https:\/\/www.alpharamirez.com\/es\/contenido-derecho-de-autor\/\"><em> contenido<\/em> <em>y el<\/em> <em>derecho de autor<\/em><\/a> de este sitio, y forma de\u00a0<i class=\"fa fa-envelope\"><\/i><a href=\"https:\/\/www.alpharamirez.com\/es\/contacto\/\"><em> contactarme<\/em><\/a> si llega a ser necesario.<\/p>\n<p>Para cerrar, he intentado que el sitio se vea en la mayor cantidad de plataformas y dispositivos posible, deber\u00eda funcionar aceptablemente bien en la inmensa mayor\u00eda.<\/p>\n<p>Sin embargo, est\u00e1 dise\u00f1ado principalmente para ser visto en un computador port\u00e1til o de escritorio, y podr\u00eda haber algunos problemas con im\u00e1genes o galer\u00edas que no salen bien, o no salen en absoluto, en algunos <em><strong>dispositivos m\u00f3viles<\/strong><\/em> o usando <em><strong>Safari<\/strong><\/em>.<\/p>\n<p>Recomiendo verlo en un <em><strong>computador port\u00e1til<\/strong><\/em> o de <em><strong>escritorio<\/strong><\/em>, usando <em><strong>Chrome<\/strong><\/em> o <em><strong>Firefox<\/strong><\/em>, para que se vea como he pretendido que se vea, con todas las im\u00e1genes y galer\u00edas visibles como lo he dise\u00f1ado originalmente.<\/p>\n<p>\u00a1Bienvenido!<\/p>\n\n<ul class=\"nav nav-pills\" id=\"\"><li class=\"active\"><a href=\"#custom-tab-0-d4f655c27a91235a0475091d2d982f54\" data-toggle=\"tab\" >Lo m\u00e1s Reciente<\/a><\/li><li><a href=\"#custom-tab-0-569949eb10cc8bf0d6d43e09c45f5f9d\" data-toggle=\"tab\" >Lo m\u00e1s Popular<\/a><\/li><li><a href=\"#custom-tab-0-d40181ae8e2f23fc189ab59963663881\" data-toggle=\"tab\" >Al Azar<\/a><\/li><\/ul><div class=\"tab-content\">\n<div id=\"custom-tab-0-d4f655c27a91235a0475091d2d982f54\" class=\"tab-pane active\"><div class=\"alert alert-info\">\u00a0<span class=\"label label-danger\">\u00a0<span class=\"glyphicon glyphicon-time\"><\/span>\nLos tres art\u00edculos m\u00e1s recientes<\/span><div class=\"display-posts-listing\"><div class=\"listing-item\"><a class=\"image\" href=\"https:\/\/www.alpharamirez.com\/es\/portafolio\/\"><img loading=\"lazy\" decoding=\"async\" width=\"150\" height=\"84\" src=\"https:\/\/www.alpharamirez.com\/wp-content\/uploads\/2017\/12\/portfoliakos-1-150x84.jpg\" class=\"attachment-thumbnail size-thumbnail wp-post-image\" alt=\"Portafolio Andres Ram\u00edrez\" srcset=\"https:\/\/www.alpharamirez.com\/wp-content\/uploads\/2017\/12\/portfoliakos-1-150x84.jpg 150w, https:\/\/www.alpharamirez.com\/wp-content\/uploads\/2017\/12\/portfoliakos-1-300x169.jpg 300w, https:\/\/www.alpharamirez.com\/wp-content\/uploads\/2017\/12\/portfoliakos-1-1024x576.jpg 1024w, https:\/\/www.alpharamirez.com\/wp-content\/uploads\/2017\/12\/portfoliakos-1-768x432.jpg 768w, https:\/\/www.alpharamirez.com\/wp-content\/uploads\/2017\/12\/portfoliakos-1.jpg 1200w\" sizes=\"auto, (max-width: 150px) 100vw, 150px\" \/><\/a> <a class=\"title\" href=\"https:\/\/www.alpharamirez.com\/es\/portafolio\/\">Portafolio<\/a><\/div><div class=\"listing-item\"><a class=\"image\" href=\"https:\/\/www.alpharamirez.com\/es\/primer-vuelo-pandemia\/\"><img loading=\"lazy\" decoding=\"async\" width=\"150\" height=\"84\" src=\"https:\/\/www.alpharamirez.com\/wp-content\/uploads\/2020\/10\/DSC_0439-150x84.jpg\" class=\"attachment-thumbnail size-thumbnail wp-post-image\" alt=\"\" srcset=\"https:\/\/www.alpharamirez.com\/wp-content\/uploads\/2020\/10\/DSC_0439-150x84.jpg 150w, https:\/\/www.alpharamirez.com\/wp-content\/uploads\/2020\/10\/DSC_0439-300x169.jpg 300w, https:\/\/www.alpharamirez.com\/wp-content\/uploads\/2020\/10\/DSC_0439-1024x576.jpg 1024w, https:\/\/www.alpharamirez.com\/wp-content\/uploads\/2020\/10\/DSC_0439-768x432.jpg 768w, https:\/\/www.alpharamirez.com\/wp-content\/uploads\/2020\/10\/DSC_0439.jpg 1200w\" sizes=\"auto, (max-width: 150px) 100vw, 150px\" \/><\/a> <a class=\"title\" href=\"https:\/\/www.alpharamirez.com\/es\/primer-vuelo-pandemia\/\">Primer vuelo en pandemia<\/a><\/div><div class=\"listing-item\"><a class=\"image\" href=\"https:\/\/www.alpharamirez.com\/es\/carga-aviones-pasajeros\/\"><img loading=\"lazy\" decoding=\"async\" width=\"150\" height=\"84\" src=\"https:\/\/www.alpharamirez.com\/wp-content\/uploads\/2020\/03\/DSC_6966-150x84.jpg\" class=\"attachment-thumbnail size-thumbnail wp-post-image\" alt=\"\" srcset=\"https:\/\/www.alpharamirez.com\/wp-content\/uploads\/2020\/03\/DSC_6966-150x84.jpg 150w, https:\/\/www.alpharamirez.com\/wp-content\/uploads\/2020\/03\/DSC_6966-300x169.jpg 300w, https:\/\/www.alpharamirez.com\/wp-content\/uploads\/2020\/03\/DSC_6966-1024x576.jpg 1024w, https:\/\/www.alpharamirez.com\/wp-content\/uploads\/2020\/03\/DSC_6966-768x432.jpg 768w, https:\/\/www.alpharamirez.com\/wp-content\/uploads\/2020\/03\/DSC_6966.jpg 1200w\" sizes=\"auto, (max-width: 150px) 100vw, 150px\" \/><\/a> <a class=\"title\" href=\"https:\/\/www.alpharamirez.com\/es\/carga-aviones-pasajeros\/\">\u00bfCarga en Aviones de pasajeros? \u00a1Claro que s\u00ed!<\/a><\/div><\/div> <\/div><\/div><div id=\"custom-tab-0-569949eb10cc8bf0d6d43e09c45f5f9d\" class=\"tab-pane\"><div class=\"alert alert-info\">\u00a0<span class=\"label label-danger\">\u00a0<span class=\"glyphicon glyphicon-time\"><\/span>\nLos tres art\u00edculos m\u00e1s populares <\/span><div class=\"display-posts-listing\"><div class=\"listing-item\"><a class=\"image\" href=\"https:\/\/www.alpharamirez.com\/es\/flashback-boeing-747-qantas-cartagena\/\"><img loading=\"lazy\" decoding=\"async\" width=\"150\" height=\"84\" src=\"https:\/\/www.alpharamirez.com\/wp-content\/uploads\/2019\/10\/DSC_3061-150x84.jpg\" class=\"attachment-thumbnail size-thumbnail wp-post-image\" alt=\"\" srcset=\"https:\/\/www.alpharamirez.com\/wp-content\/uploads\/2019\/10\/DSC_3061-150x84.jpg 150w, https:\/\/www.alpharamirez.com\/wp-content\/uploads\/2019\/10\/DSC_3061-300x169.jpg 300w, https:\/\/www.alpharamirez.com\/wp-content\/uploads\/2019\/10\/DSC_3061-1024x576.jpg 1024w, https:\/\/www.alpharamirez.com\/wp-content\/uploads\/2019\/10\/DSC_3061-768x432.jpg 768w, https:\/\/www.alpharamirez.com\/wp-content\/uploads\/2019\/10\/DSC_3061.jpg 1200w\" sizes=\"auto, (max-width: 150px) 100vw, 150px\" \/><\/a> <a class=\"title\" href=\"https:\/\/www.alpharamirez.com\/es\/flashback-boeing-747-qantas-cartagena\/\">Flashback: Boeing 747-400 de Qantas en Cartagena<\/a><\/div><div class=\"listing-item\"><a class=\"image\" href=\"https:\/\/www.alpharamirez.com\/es\/probando-gca\/\"><img loading=\"lazy\" decoding=\"async\" width=\"150\" height=\"84\" src=\"https:\/\/www.alpharamirez.com\/wp-content\/uploads\/2020\/02\/DSC_9020-150x84.jpg\" class=\"attachment-thumbnail size-thumbnail wp-post-image\" alt=\"\" srcset=\"https:\/\/www.alpharamirez.com\/wp-content\/uploads\/2020\/02\/DSC_9020-150x84.jpg 150w, https:\/\/www.alpharamirez.com\/wp-content\/uploads\/2020\/02\/DSC_9020-300x169.jpg 300w, https:\/\/www.alpharamirez.com\/wp-content\/uploads\/2020\/02\/DSC_9020-1024x576.jpg 1024w, https:\/\/www.alpharamirez.com\/wp-content\/uploads\/2020\/02\/DSC_9020-768x432.jpg 768w, https:\/\/www.alpharamirez.com\/wp-content\/uploads\/2020\/02\/DSC_9020.jpg 1200w\" sizes=\"auto, (max-width: 150px) 100vw, 150px\" \/><\/a> <a class=\"title\" href=\"https:\/\/www.alpharamirez.com\/es\/probando-gca\/\">Probando una nueva aerol\u00ednea: GCA Airlines<\/a><\/div><div class=\"listing-item\"><a class=\"image\" href=\"https:\/\/www.alpharamirez.com\/es\/pintemela-que-yo-se-la-coloreo-a-3\/\"><img loading=\"lazy\" decoding=\"async\" width=\"150\" height=\"84\" src=\"https:\/\/www.alpharamirez.com\/wp-content\/uploads\/2019\/03\/DSC_8423-150x84.jpg\" class=\"attachment-thumbnail size-thumbnail wp-post-image\" alt=\"ANA Pokemon\" srcset=\"https:\/\/www.alpharamirez.com\/wp-content\/uploads\/2019\/03\/DSC_8423-150x84.jpg 150w, https:\/\/www.alpharamirez.com\/wp-content\/uploads\/2019\/03\/DSC_8423-300x169.jpg 300w, https:\/\/www.alpharamirez.com\/wp-content\/uploads\/2019\/03\/DSC_8423-1024x576.jpg 1024w, https:\/\/www.alpharamirez.com\/wp-content\/uploads\/2019\/03\/DSC_8423-768x432.jpg 768w, https:\/\/www.alpharamirez.com\/wp-content\/uploads\/2019\/03\/DSC_8423.jpg 1200w\" sizes=\"auto, (max-width: 150px) 100vw, 150px\" \/><\/a> <a class=\"title\" href=\"https:\/\/www.alpharamirez.com\/es\/pintemela-que-yo-se-la-coloreo-a-3\/\">P\u00edntemela que yo se la coloreo (A-3)<\/a><\/div><\/div> <\/div><\/div><div id=\"custom-tab-0-d40181ae8e2f23fc189ab59963663881\" class=\"tab-pane\"><div class=\"alert alert-info\">\u00a0<span class=\"label label-danger\">\u00a0<span class=\"glyphicon glyphicon-time\"><\/span>\nTres art\u00edculos al azar <\/span><div class=\"display-posts-listing\"><div class=\"listing-item\"><a class=\"image\" href=\"https:\/\/www.alpharamirez.com\/es\/panamania-419-fin-do-guachafita\/\"><img loading=\"lazy\" decoding=\"async\" width=\"150\" height=\"84\" src=\"https:\/\/www.alpharamirez.com\/wp-content\/uploads\/2019\/06\/DSC_1896-150x84.jpg\" class=\"attachment-thumbnail size-thumbnail wp-post-image\" alt=\"Panama\" srcset=\"https:\/\/www.alpharamirez.com\/wp-content\/uploads\/2019\/06\/DSC_1896-150x84.jpg 150w, https:\/\/www.alpharamirez.com\/wp-content\/uploads\/2019\/06\/DSC_1896-300x169.jpg 300w, https:\/\/www.alpharamirez.com\/wp-content\/uploads\/2019\/06\/DSC_1896-1024x576.jpg 1024w, https:\/\/www.alpharamirez.com\/wp-content\/uploads\/2019\/06\/DSC_1896-768x432.jpg 768w, https:\/\/www.alpharamirez.com\/wp-content\/uploads\/2019\/06\/DSC_1896.jpg 1200w\" sizes=\"auto, (max-width: 150px) 100vw, 150px\" \/><\/a> <a class=\"title\" href=\"https:\/\/www.alpharamirez.com\/es\/panamania-419-fin-do-guachafita\/\">Pan-a-Mania 419: fin do guachafita<\/a><\/div><div class=\"listing-item\"><a class=\"image\" href=\"https:\/\/www.alpharamirez.com\/es\/ukraina-dva-aviatsiya\/\"><img loading=\"lazy\" decoding=\"async\" width=\"150\" height=\"100\" src=\"https:\/\/www.alpharamirez.com\/wp-content\/uploads\/2018\/10\/DSC_7162-150x100.jpg\" class=\"attachment-thumbnail size-thumbnail wp-post-image\" alt=\"Kiev\" srcset=\"https:\/\/www.alpharamirez.com\/wp-content\/uploads\/2018\/10\/DSC_7162-150x100.jpg 150w, https:\/\/www.alpharamirez.com\/wp-content\/uploads\/2018\/10\/DSC_7162-300x199.jpg 300w, https:\/\/www.alpharamirez.com\/wp-content\/uploads\/2018\/10\/DSC_7162-1024x680.jpg 1024w, https:\/\/www.alpharamirez.com\/wp-content\/uploads\/2018\/10\/DSC_7162-768x510.jpg 768w, https:\/\/www.alpharamirez.com\/wp-content\/uploads\/2018\/10\/DSC_7162.jpg 1200w\" sizes=\"auto, (max-width: 150px) 100vw, 150px\" \/><\/a> <a class=\"title\" href=\"https:\/\/www.alpharamirez.com\/es\/ukraina-dva-aviatsiya\/\">Ukraina: Dva -Aviatsiya-<\/a><\/div><div class=\"listing-item\"><a class=\"image\" href=\"https:\/\/www.alpharamirez.com\/es\/pintemela-que-yo-se-la-coloreo-d-g\/\"><img loading=\"lazy\" decoding=\"async\" width=\"150\" height=\"84\" src=\"https:\/\/www.alpharamirez.com\/wp-content\/uploads\/2019\/03\/DSC_3690-150x84.jpg\" class=\"attachment-thumbnail size-thumbnail wp-post-image\" alt=\"Eastern Best of British\" srcset=\"https:\/\/www.alpharamirez.com\/wp-content\/uploads\/2019\/03\/DSC_3690-150x84.jpg 150w, https:\/\/www.alpharamirez.com\/wp-content\/uploads\/2019\/03\/DSC_3690-300x169.jpg 300w, https:\/\/www.alpharamirez.com\/wp-content\/uploads\/2019\/03\/DSC_3690-1024x576.jpg 1024w, https:\/\/www.alpharamirez.com\/wp-content\/uploads\/2019\/03\/DSC_3690-768x432.jpg 768w, https:\/\/www.alpharamirez.com\/wp-content\/uploads\/2019\/03\/DSC_3690.jpg 1200w\" sizes=\"auto, (max-width: 150px) 100vw, 150px\" \/><\/a> <a class=\"title\" href=\"https:\/\/www.alpharamirez.com\/es\/pintemela-que-yo-se-la-coloreo-d-g\/\">P\u00edntemela que yo se la coloreo (D-G)<\/a><\/div><\/div> <\/div><\/div>\n<\/div>\n","protected":false},"excerpt":{"rendered":"<p>Buenas buenas , has llegado a mi p\u00e1gina. Decid\u00ed hacer una p\u00e1gina propia porque no encontr\u00e9 una plataforma que me sirviera, de la manera en que yo quer\u00eda, para publicar lo que me nac\u00eda compartir de ciertas cosas que he hecho, y lugares que he visitado. Y pues aqu\u00ed est\u00e1, no es m\u00e1s. [aesop_image img=&#8221;https:\/\/www.alpharamirez.com\/wp-content\/uploads\/2017\/11\/cessna.jpg&#8221; [&hellip;]<\/p>\n","protected":false},"author":1,"featured_media":0,"parent":0,"menu_order":0,"comment_status":"closed","ping_status":"closed","template":"","meta":{"footnotes":""},"class_list":["post-2805","page","type-page","status-publish","hentry"],"yoast_head":"<!-- This site is optimized with the Yoast SEO plugin v27.5 - https:\/\/yoast.com\/product\/yoast-seo-wordpress\/ -->\n<title>Principal - Ram\u00edrez<\/title>\n<meta name=\"description\" content=\"Principal. Una peque\u00f1a explicaci\u00f3n de c\u00f3mo son las cosas aqu\u00ed y el lugar en d\u00f3nde todo comienza.\" \/>\n<meta name=\"robots\" content=\"index, follow, max-snippet:-1, max-image-preview:large, max-video-preview:-1\" \/>\n<link rel=\"canonical\" href=\"https:\/\/www.alpharamirez.com\/es\/\" \/>\n<meta property=\"og:locale\" content=\"es_ES\" \/>\n<meta property=\"og:type\" content=\"article\" \/>\n<meta property=\"og:title\" content=\"Principal - Ram\u00edrez\" \/>\n<meta property=\"og:description\" content=\"Principal. Una peque\u00f1a explicaci\u00f3n de c\u00f3mo son las cosas aqu\u00ed y el lugar en d\u00f3nde todo comienza.\" \/>\n<meta property=\"og:url\" content=\"https:\/\/www.alpharamirez.com\/es\/\" \/>\n<meta property=\"og:site_name\" content=\"Ram\u00edrez\" \/>\n<meta property=\"article:modified_time\" content=\"2025-04-21T21:31:10+00:00\" \/>\n<meta name=\"twitter:card\" content=\"summary_large_image\" \/>\n<meta name=\"twitter:label1\" content=\"Tiempo de lectura\" \/>\n\t<meta name=\"twitter:data1\" content=\"3 minutos\" \/>\n<script type=\"application\/ld+json\" class=\"yoast-schema-graph\">{\"@context\":\"https:\\\/\\\/schema.org\",\"@graph\":[{\"@type\":\"WebPage\",\"@id\":\"https:\\\/\\\/www.alpharamirez.com\\\/es\\\/\",\"url\":\"https:\\\/\\\/www.alpharamirez.com\\\/es\\\/\",\"name\":\"Principal - Ram\u00edrez\",\"isPartOf\":{\"@id\":\"https:\\\/\\\/www.alpharamirez.com\\\/es\\\/#website\"},\"datePublished\":\"2017-11-22T11:49:13+00:00\",\"dateModified\":\"2025-04-21T21:31:10+00:00\",\"description\":\"Principal. Una peque\u00f1a explicaci\u00f3n de c\u00f3mo son las cosas aqu\u00ed y el lugar en d\u00f3nde todo comienza.\",\"breadcrumb\":{\"@id\":\"https:\\\/\\\/www.alpharamirez.com\\\/es\\\/#breadcrumb\"},\"inLanguage\":\"es-CO\",\"potentialAction\":[{\"@type\":\"ReadAction\",\"target\":[\"https:\\\/\\\/www.alpharamirez.com\\\/es\\\/\"]}]},{\"@type\":\"BreadcrumbList\",\"@id\":\"https:\\\/\\\/www.alpharamirez.com\\\/es\\\/#breadcrumb\",\"itemListElement\":[{\"@type\":\"ListItem\",\"position\":1,\"name\":\"Home\",\"item\":\"https:\\\/\\\/www.alpharamirez.com\\\/es\\\/\"},{\"@type\":\"ListItem\",\"position\":2,\"name\":\"Principal\"}]},{\"@type\":\"WebSite\",\"@id\":\"https:\\\/\\\/www.alpharamirez.com\\\/es\\\/#website\",\"url\":\"https:\\\/\\\/www.alpharamirez.com\\\/es\\\/\",\"name\":\"Ram\u00edrez\",\"description\":\"\",\"publisher\":{\"@id\":\"https:\\\/\\\/www.alpharamirez.com\\\/es\\\/#\\\/schema\\\/person\\\/678baafe47cedaffa05ed5627b54fc41\"},\"potentialAction\":[{\"@type\":\"SearchAction\",\"target\":{\"@type\":\"EntryPoint\",\"urlTemplate\":\"https:\\\/\\\/www.alpharamirez.com\\\/es\\\/?s={search_term_string}\"},\"query-input\":{\"@type\":\"PropertyValueSpecification\",\"valueRequired\":true,\"valueName\":\"search_term_string\"}}],\"inLanguage\":\"es-CO\"},{\"@type\":[\"Person\",\"Organization\"],\"@id\":\"https:\\\/\\\/www.alpharamirez.com\\\/es\\\/#\\\/schema\\\/person\\\/678baafe47cedaffa05ed5627b54fc41\",\"name\":\"Ram\u00edrez\",\"image\":{\"@type\":\"ImageObject\",\"inLanguage\":\"es-CO\",\"@id\":\"https:\\\/\\\/secure.gravatar.com\\\/avatar\\\/52879b962f1280dad73e95a14595594aab83f010f64576691155b545d961fc23?s=96&d=retro&r=x\",\"url\":\"https:\\\/\\\/secure.gravatar.com\\\/avatar\\\/52879b962f1280dad73e95a14595594aab83f010f64576691155b545d961fc23?s=96&d=retro&r=x\",\"contentUrl\":\"https:\\\/\\\/secure.gravatar.com\\\/avatar\\\/52879b962f1280dad73e95a14595594aab83f010f64576691155b545d961fc23?s=96&d=retro&r=x\",\"caption\":\"Ram\u00edrez\"},\"logo\":{\"@id\":\"https:\\\/\\\/secure.gravatar.com\\\/avatar\\\/52879b962f1280dad73e95a14595594aab83f010f64576691155b545d961fc23?s=96&d=retro&r=x\"}}]}<\/script>\n<!-- \/ Yoast SEO plugin. -->","yoast_head_json":{"title":"Principal - Ram\u00edrez","description":"Principal. Una peque\u00f1a explicaci\u00f3n de c\u00f3mo son las cosas aqu\u00ed y el lugar en d\u00f3nde todo comienza.","robots":{"index":"index","follow":"follow","max-snippet":"max-snippet:-1","max-image-preview":"max-image-preview:large","max-video-preview":"max-video-preview:-1"},"canonical":"https:\/\/www.alpharamirez.com\/es\/","og_locale":"es_ES","og_type":"article","og_title":"Principal - Ram\u00edrez","og_description":"Principal. Una peque\u00f1a explicaci\u00f3n de c\u00f3mo son las cosas aqu\u00ed y el lugar en d\u00f3nde todo comienza.","og_url":"https:\/\/www.alpharamirez.com\/es\/","og_site_name":"Ram\u00edrez","article_modified_time":"2025-04-21T21:31:10+00:00","twitter_card":"summary_large_image","twitter_misc":{"Tiempo de lectura":"3 minutos"},"schema":{"@context":"https:\/\/schema.org","@graph":[{"@type":"WebPage","@id":"https:\/\/www.alpharamirez.com\/es\/","url":"https:\/\/www.alpharamirez.com\/es\/","name":"Principal - Ram\u00edrez","isPartOf":{"@id":"https:\/\/www.alpharamirez.com\/es\/#website"},"datePublished":"2017-11-22T11:49:13+00:00","dateModified":"2025-04-21T21:31:10+00:00","description":"Principal. Una peque\u00f1a explicaci\u00f3n de c\u00f3mo son las cosas aqu\u00ed y el lugar en d\u00f3nde todo comienza.","breadcrumb":{"@id":"https:\/\/www.alpharamirez.com\/es\/#breadcrumb"},"inLanguage":"es-CO","potentialAction":[{"@type":"ReadAction","target":["https:\/\/www.alpharamirez.com\/es\/"]}]},{"@type":"BreadcrumbList","@id":"https:\/\/www.alpharamirez.com\/es\/#breadcrumb","itemListElement":[{"@type":"ListItem","position":1,"name":"Home","item":"https:\/\/www.alpharamirez.com\/es\/"},{"@type":"ListItem","position":2,"name":"Principal"}]},{"@type":"WebSite","@id":"https:\/\/www.alpharamirez.com\/es\/#website","url":"https:\/\/www.alpharamirez.com\/es\/","name":"Ram\u00edrez","description":"","publisher":{"@id":"https:\/\/www.alpharamirez.com\/es\/#\/schema\/person\/678baafe47cedaffa05ed5627b54fc41"},"potentialAction":[{"@type":"SearchAction","target":{"@type":"EntryPoint","urlTemplate":"https:\/\/www.alpharamirez.com\/es\/?s={search_term_string}"},"query-input":{"@type":"PropertyValueSpecification","valueRequired":true,"valueName":"search_term_string"}}],"inLanguage":"es-CO"},{"@type":["Person","Organization"],"@id":"https:\/\/www.alpharamirez.com\/es\/#\/schema\/person\/678baafe47cedaffa05ed5627b54fc41","name":"Ram\u00edrez","image":{"@type":"ImageObject","inLanguage":"es-CO","@id":"https:\/\/secure.gravatar.com\/avatar\/52879b962f1280dad73e95a14595594aab83f010f64576691155b545d961fc23?s=96&d=retro&r=x","url":"https:\/\/secure.gravatar.com\/avatar\/52879b962f1280dad73e95a14595594aab83f010f64576691155b545d961fc23?s=96&d=retro&r=x","contentUrl":"https:\/\/secure.gravatar.com\/avatar\/52879b962f1280dad73e95a14595594aab83f010f64576691155b545d961fc23?s=96&d=retro&r=x","caption":"Ram\u00edrez"},"logo":{"@id":"https:\/\/secure.gravatar.com\/avatar\/52879b962f1280dad73e95a14595594aab83f010f64576691155b545d961fc23?s=96&d=retro&r=x"}}]}},"jetpack_sharing_enabled":true,"_links":{"self":[{"href":"https:\/\/www.alpharamirez.com\/es\/wp-json\/wp\/v2\/pages\/2805","targetHints":{"allow":["GET"]}}],"collection":[{"href":"https:\/\/www.alpharamirez.com\/es\/wp-json\/wp\/v2\/pages"}],"about":[{"href":"https:\/\/www.alpharamirez.com\/es\/wp-json\/wp\/v2\/types\/page"}],"author":[{"embeddable":true,"href":"https:\/\/www.alpharamirez.com\/es\/wp-json\/wp\/v2\/users\/1"}],"replies":[{"embeddable":true,"href":"https:\/\/www.alpharamirez.com\/es\/wp-json\/wp\/v2\/comments?post=2805"}],"version-history":[{"count":92,"href":"https:\/\/www.alpharamirez.com\/es\/wp-json\/wp\/v2\/pages\/2805\/revisions"}],"predecessor-version":[{"id":18317,"href":"https:\/\/www.alpharamirez.com\/es\/wp-json\/wp\/v2\/pages\/2805\/revisions\/18317"}],"wp:attachment":[{"href":"https:\/\/www.alpharamirez.com\/es\/wp-json\/wp\/v2\/media?parent=2805"}],"curies":[{"name":"wp","href":"https:\/\/api.w.org\/{rel}","templated":true}]}}